{"id":885,"date":"2025-12-12T11:49:10","date_gmt":"2025-12-12T10:49:10","guid":{"rendered":"https:\/\/www.campingduval.com\/?page_id=885"},"modified":"2026-01-05T11:23:46","modified_gmt":"2026-01-05T10:23:46","slug":"editorial","status":"publish","type":"page","link":"https:\/\/www.campingduval.com\/en\/editorial\/","title":{"rendered":"Editorial"},"content":{"rendered":"<div class=\"wp-block-query is-layout-flow wp-block-query-is-layout-flow\" data-block-type=\"core\"><ul class=\"wp-block-post-template is-layout-flow wp-block-post-template-is-layout-flow\" data-block-type=\"core\"><li class=\"wp-block-post post-4902 editorial type-editorial status-publish has-post-thumbnail hentry\">\n<h2 class=\"wp-block-post-title\" data-block-type=\"core\"><a href=\"https:\/\/www.campingduval.com\/en\/editorial\/pourquoi-choisir-le-camping-du-val-a-erquy\/\" target=\"_self\" >Why camping du Val \u00e0 Erquy?<\/a><\/h2>\n\n<div class=\"wp-block-post-excerpt\" data-block-type=\"core\"><p class=\"wp-block-post-excerpt__excerpt\">When you choose Camping d'Erquy, you're choosing a place where tranquillity reigns, while enjoying a rich and varied entertainment offer. Our dedicated and professional team will do everything they can to make your stay unforgettable. Whether you're a nature enthusiast, a lover of the sea or just looking for a good time out and about... <\/p><\/div>\n\n\n<hr class=\"wp-block-separator has-css-opacity\">\n\n\n<div class=\"wp-block-post-date\" data-block-type=\"core\"><time datetime=\"2025-06-27T08:52:30+02:00\">June 27, 2025<\/time><\/div>\n<\/li><li class=\"wp-block-post post-4900 editorial type-editorial status-publish has-post-thumbnail hentry\">\n<h2 class=\"wp-block-post-title\" data-block-type=\"core\"><a href=\"https:\/\/www.campingduval.com\/en\/editorial\/camping-avec-des-animations-pour-toute-la-famille\/\" target=\"_self\" >Campsite with entertainment for all the family<\/a><\/h2>\n\n<div class=\"wp-block-post-excerpt\" data-block-type=\"core\"><p class=\"wp-block-post-excerpt__excerpt\">\u2600\ufe0f In summer, the Camping du Val is transformed into a real meeting place and leisure centre thanks to our family activities. The programme is suitable for all ages, from children to adults, for a holiday full of laughter and memories. Every day, activities are on offer: outdoor games, etc. <\/p><\/div>\n\n\n<hr class=\"wp-block-separator has-css-opacity\">\n\n\n<div class=\"wp-block-post-date\" data-block-type=\"core\"><time datetime=\"2025-06-27T08:48:43+02:00\">June 27, 2025<\/time><\/div>\n<\/li><li class=\"wp-block-post post-4882 editorial type-editorial status-publish has-post-thumbnail hentry\">\n<h2 class=\"wp-block-post-title\" data-block-type=\"core\"><a href=\"https:\/\/www.campingduval.com\/en\/editorial\/profitez-de-vacances-en-famille-inoubliables-au-camping-a-erquy\/\" target=\"_self\" >Enjoy an unforgettable family holiday at the Erquy campsite<\/a><\/h2>\n\n<div class=\"wp-block-post-excerpt\" data-block-type=\"core\"><p class=\"wp-block-post-excerpt__excerpt\">Located in the magnificent C\u00f4tes-d'Armor department in Brittany, our family campsite in Erquy welcomes you to an exceptional natural setting for an unforgettable holiday. Close to beaches, hiking trails and forest, our campsite is the ideal place for family holidays, where relaxation, discovery and adventure blend harmoniously.... <\/p><\/div>\n\n\n<hr class=\"wp-block-separator has-css-opacity\">\n\n\n<div class=\"wp-block-post-date\" data-block-type=\"core\"><time datetime=\"2025-02-24T12:29:29+01:00\">February 24, 2025<\/time><\/div>\n<\/li><li class=\"wp-block-post post-1807 editorial type-editorial status-publish has-post-thumbnail hentry\">\n<h2 class=\"wp-block-post-title\" data-block-type=\"core\"><a href=\"https:\/\/www.campingduval.com\/en\/editorial\/peche-en-mer\/\" target=\"_self\" >Sea Fishing<\/a><\/h2>\n\n<div class=\"wp-block-post-excerpt\" data-block-type=\"core\"><p class=\"wp-block-post-excerpt__excerpt\">Sea or shore fishing in Erquy in Erquy, Pl\u00e9neuf Val Andr\u00e9, Saint Cast Le Guildo or Cap Fr\u00e9hel (Brittany C\u00f4tes d'Armor), you will be accompanied by a Fishing Guide Instructor. www.guidedepechebretagne.fr &nbsp; <\/p><\/div>\n\n\n<hr class=\"wp-block-separator has-css-opacity\">\n\n\n<div class=\"wp-block-post-date\" data-block-type=\"core\"><time datetime=\"2020-07-01T14:37:10+02:00\">July 1, 2020<\/time><\/div>\n<\/li><li class=\"wp-block-post post-1816 editorial type-editorial status-publish has-post-thumbnail hentry\">\n<h2 class=\"wp-block-post-title\" data-block-type=\"core\"><a href=\"https:\/\/www.campingduval.com\/en\/editorial\/camping-piscine-couverte\/\" target=\"_self\" >Campsite with indoor swimming pool<\/a><\/h2>\n\n<div class=\"wp-block-post-excerpt\" data-block-type=\"core\"><p class=\"wp-block-post-excerpt__excerpt\">This year the CAMPING DU VAL is inaugurating a brand new heated COVERED SWIMMING POOL to welcome you in the best conditions throughout the opening season. The COVERED SWIMMING POOL will be built in the existing enclosed and secure area of the existing heated swimming pool, to ensure the safety of your children. The POOL... <\/p><\/div>\n\n\n<hr class=\"wp-block-separator has-css-opacity\">\n\n\n<div class=\"wp-block-post-date\" data-block-type=\"core\"><time datetime=\"2018-01-10T14:30:12+01:00\">January 10, 2018<\/time><\/div>\n<\/li><li class=\"wp-block-post post-1815 editorial type-editorial status-publish has-post-thumbnail hentry\">\n<h2 class=\"wp-block-post-title\" data-block-type=\"core\"><a href=\"https:\/\/www.campingduval.com\/en\/editorial\/camping-jeu-gonflable-aquatique\/\" target=\"_self\" >camping inflatable water game<\/a><\/h2>\n\n<div class=\"wp-block-post-excerpt\" data-block-type=\"core\"><p class=\"wp-block-post-excerpt__excerpt\">Our campsite has several inflatable structures, both in the play area and in the pool area, which has a brand new system of inflatable water games that are completely safe and fun for young and old alike to enjoy in complete safety. The inflatable water game is made up of a number of... <\/p><\/div>\n\n\n<hr class=\"wp-block-separator has-css-opacity\">\n\n\n<div class=\"wp-block-post-date\" data-block-type=\"core\"><time datetime=\"2017-12-01T10:32:55+01:00\">December 1, 2017<\/time><\/div>\n<\/li><li class=\"wp-block-post post-543 editorial type-editorial status-publish has-post-thumbnail hentry\">\n<h2 class=\"wp-block-post-title\" data-block-type=\"core\"><a href=\"https:\/\/www.campingduval.com\/en\/editorial\/camping-proche-de-la-plage\/\" target=\"_self\" >CAMPSITE CLOSE TO THE BEACH<\/a><\/h2>\n\n<div class=\"wp-block-post-excerpt\" data-block-type=\"core\"><p class=\"wp-block-post-excerpt__excerpt\">At Camping du Val, you'll be close to the beach centre and the harbour, so you can take advantage of all the entertainment Erquy has to offer, whether on the beach with its great beach volleyball tournament, or in the harbour, where you can discover the freshly-pulled gastronomy... <\/p><\/div>\n\n\n<hr class=\"wp-block-separator has-css-opacity\">\n\n\n<div class=\"wp-block-post-date\" data-block-type=\"core\"><time datetime=\"2016-04-13T09:47:54+02:00\">April 13, 2016<\/time><\/div>\n<\/li><li class=\"wp-block-post post-508 editorial type-editorial status-publish has-post-thumbnail hentry\">\n<h2 class=\"wp-block-post-title\" data-block-type=\"core\"><a href=\"https:\/\/www.campingduval.com\/en\/editorial\/camping-port-derquy\/\" target=\"_self\" >Camping Port d'Erquy<\/a><\/h2>\n\n<div class=\"wp-block-post-excerpt\" data-block-type=\"core\"><p class=\"wp-block-post-excerpt__excerpt\">Come and take advantage of our ideal location for easy access to the bustling port of Erquy. You'll be close to all amenities, making it easy to get to the beach centre, the town centre and the port of Erquy and its restaurants, which offer local cuisine from the local... <\/p><\/div>\n\n\n<hr class=\"wp-block-separator has-css-opacity\">\n\n\n<div class=\"wp-block-post-date\" data-block-type=\"core\"><time datetime=\"2016-01-20T16:00:26+01:00\">January 20, 2016<\/time><\/div>\n<\/li><li class=\"wp-block-post post-1814 editorial type-editorial status-publish has-post-thumbnail hentry\">\n<h2 class=\"wp-block-post-title\" data-block-type=\"core\"><a href=\"https:\/\/www.campingduval.com\/en\/editorial\/camping-centre-ville-erquy\/\" target=\"_self\" >CAMPING CENTRE VILLE ERQUY<\/a><\/h2>\n\n<div class=\"wp-block-post-excerpt\" data-block-type=\"core\"><p class=\"wp-block-post-excerpt__excerpt\">Our campsite welcomes you to a pleasant setting, enjoying the closest location to Erquy town centre. Thanks to this proximity, you can take advantage of the multitude of shops in the town centre as well as the port of Erquy and its restaurants, which will delight your taste buds. Our campsite offers entertainment... <\/p><\/div>\n\n\n<hr class=\"wp-block-separator has-css-opacity\">\n\n\n<div class=\"wp-block-post-date\" data-block-type=\"core\"><time datetime=\"2016-01-07T14:13:05+01:00\">January 7, 2016<\/time><\/div>\n<\/li><\/ul><\/div>","protected":false},"excerpt":{"rendered":"","protected":false},"author":1,"featured_media":1264,"parent":0,"menu_order":0,"comment_status":"closed","ping_status":"closed","template":"","meta":{"_acf_changed":false,"_seopress_robots_primary_cat":"","_seopress_titles_title":"","_seopress_titles_desc":"","_seopress_robots_index":"","_vp_format_video_url":"","_vp_image_focal_point":[],"footnotes":""},"class_list":["post-885","page","type-page","status-publish","has-post-thumbnail","hentry"],"acf":[],"_links":{"self":[{"href":"https:\/\/www.campingduval.com\/en\/wp-json\/wp\/v2\/pages\/885","targetHints":{"allow":["GET"]}}],"collection":[{"href":"https:\/\/www.campingduval.com\/en\/wp-json\/wp\/v2\/pages"}],"about":[{"href":"https:\/\/www.campingduval.com\/en\/wp-json\/wp\/v2\/types\/page"}],"author":[{"embeddable":true,"href":"https:\/\/www.campingduval.com\/en\/wp-json\/wp\/v2\/users\/1"}],"replies":[{"embeddable":true,"href":"https:\/\/www.campingduval.com\/en\/wp-json\/wp\/v2\/comments?post=885"}],"version-history":[{"count":4,"href":"https:\/\/www.campingduval.com\/en\/wp-json\/wp\/v2\/pages\/885\/revisions"}],"predecessor-version":[{"id":4903,"href":"https:\/\/www.campingduval.com\/en\/wp-json\/wp\/v2\/pages\/885\/revisions\/4903"}],"wp:featuredmedia":[{"embeddable":true,"href":"https:\/\/www.campingduval.com\/en\/wp-json\/wp\/v2\/media\/1264"}],"wp:attachment":[{"href":"https:\/\/www.campingduval.com\/en\/wp-json\/wp\/v2\/media?parent=885"}],"curies":[{"name":"wp","href":"https:\/\/api.w.org\/{rel}","templated":true}]}}