{"id":842,"date":"2025-12-11T09:43:56","date_gmt":"2025-12-11T08:43:56","guid":{"rendered":"https:\/\/www.campingduval.com\/?page_id=842"},"modified":"2026-04-23T15:10:58","modified_gmt":"2026-04-23T13:10:58","slug":"fishing-on-foot-sea-walks","status":"publish","type":"page","link":"https:\/\/www.campingduval.com\/en\/cote-nature-decouverte\/peche-a-pied-promenade-en-mer\/","title":{"rendered":"Fishing &amp; sea walks\u00a0"},"content":{"rendered":"<div class=\"wp-block-stackable-heading stk-block-heading stk-block-heading--v2 stk-block stk-2d6c4d3\" id=\"saint-malo-lepopee-des-corsaires-derriere-les-remparts\" data-block-id=\"2d6c4d3\"><style>.stk-2d6c4d3 {margin-top:var(--stk--preset--spacing--50, clamp(30px, 5vw, 50px)) !important;}.stk-2d6c4d3 .stk-block-heading__text{color:var(--stk-global-color-34329, #ef7b24) !important;}<\/style><h2 class=\"stk-block-heading__text has-text-color\">Sharing the Ocean: the pleasures of the tide and the waves<\/h2><\/div>\n\n\n\n<div class=\"wp-block-stackable-text stk-block-text stk-block stk-7fb5215\" data-block-id=\"7fb5215\"><style>.stk-7fb5215 .stk-block-text__text{font-size:1.2rem !important;}@media screen and (max-width: 1023px){.stk-7fb5215 .stk-block-text__text{font-size:1.2rem !important;}}<\/style><p class=\"stk-block-text__text translation-block\">The coastline around Erquy is intrinsically linked to the rhythm of the tides, paving the way for <a href=\"https:\/\/www.campingduval.com\/en\/cote-plages-iles\/\" data-type=\"page\" data-id=\"792\" target=\"_self\">authentic maritime activities.<\/a> From Camping du Val, you have easy access to the joys of fishing on foot &amp; sea walks, experiences that connect you directly to the marine environment of the C\u00f4tes-d'Armor.<\/p><\/div>\n\n\n\n<div class=\"wp-block-stackable-columns alignfull stk-block-columns stk-block stk-de7793e stk-block-background\" data-block-id=\"de7793e\"><style>.stk-de7793e {background-color:var(--stk-global-color-58153, #01acb7) !important;}.stk-de7793e:before{background-color:var(--stk-global-color-58153, #01acb7) !important;}<\/style><div class=\"stk-row stk-inner-blocks stk-block-content stk-content-align stk-de7793e-column alignwide\">\n<div class=\"wp-block-stackable-column stk-block-column stk-column stk-block stk-4076cf8\" data-v=\"4\" data-block-id=\"4076cf8\"><style>.stk-4076cf8 {align-self:center !important;}<\/style><div class=\"stk-column-wrapper stk-block-column__content stk-container stk-4076cf8-container stk--no-background stk--no-padding\"><div class=\"stk-block-content stk-inner-blocks stk-4076cf8-inner-blocks\">\n<div class=\"wp-block-stackable-heading stk-block-heading stk-block-heading--v2 stk-block stk-120d675\" id=\"la-peche-a-pied-un-loisir-ancestral\" data-block-id=\"120d675\"><style>.stk-120d675 .stk-block-heading__text{color:#fffffe !important;}<\/style><h3 class=\"stk-block-heading__text has-text-color\">Fishing on foot, an age-old pastime&nbsp;<\/h3><\/div>\n\n\n\n<div class=\"wp-block-stackable-text stk-block-text stk-block stk-aeffb1a\" data-block-id=\"aeffb1a\"><style>.stk-aeffb1a .stk-block-text__text{font-size:1.2rem !important;color:#fffffe !important;}@media screen and (max-width: 1023px){.stk-aeffb1a .stk-block-text__text{font-size:1.2rem !important;}}<\/style><p class=\"stk-block-text__text has-text-color\">Fishing on foot is a fun family activity, particularly popular on Erquy's beaches and rocky foreshores at low tide. Armed with buckets and rakes, holidaymakers harvest cockles, clams, periwinkles and prawns. It's a great way to discover coastal biodiversity, while preparing a delicious meal. Camping du Val is perfectly situated for you to enjoy these moments, and to follow the tide times.<\/p><\/div>\n\n\n\n<div class=\"wp-block-stackable-text stk-block-text stk-block stk-02d30af\" data-block-id=\"02d30af\"><style>.stk-02d30af .stk-block-text__text{font-size:1.2rem !important;color:#fffffe !important;}@media screen and (max-width: 1023px){.stk-02d30af .stk-block-text__text{font-size:1.2rem !important;}}<\/style><p class=\"stk-block-text__text has-text-color translation-block\">To complement this, the range of seafaring trips on offer means you can take to the open sea to admire the coast from a different angle, including the cliffs of <a href=\"https:\/\/www.campingduval.com\/en\/cape-frehel\/\" data-type=\"page\" data-id=\"829\" target=\"_self\">Cap Fr\u00e9hel<\/a> or the <a href=\"https:\/\/www.campingduval.com\/en\/a-visit-to-fort-la-latte\/\" data-type=\"page\" data-id=\"763\" target=\"_self\">Fort La Latte<\/a>. Some boats offer deep-sea fishing trips.<\/p><\/div>\n<\/div><\/div><\/div>\n\n\n\n<div class=\"wp-block-stackable-column stk-block-column stk-column stk-block stk-7248d4a\" data-v=\"4\" data-block-id=\"7248d4a\"><div class=\"stk-column-wrapper stk-block-column__content stk-container stk-7248d4a-container stk--no-background stk--no-padding\"><div class=\"stk-block-content stk-inner-blocks stk-7248d4a-inner-blocks\">\n<div class=\"wp-block-stackable-image stk-block-image stk-block stk-b205a24\" data-block-id=\"b205a24\"><style>.stk-b205a24 .stk-img-wrapper{width:100% !important;height:390px !important;}<\/style><figure><span class=\"stk-img-wrapper stk-image--shape-stretch\"><img loading=\"lazy\" decoding=\"async\" class=\"stk-img wp-image-1238\" src=\"https:\/\/www.campingduval.com\/wp-content\/uploads\/2025\/12\/coquilles-stjacques-bretagne-1.jpg\" width=\"1024\" height=\"615\" alt=\"scallops brittany\" srcset=\"https:\/\/www.campingduval.com\/wp-content\/uploads\/2025\/12\/coquilles-stjacques-bretagne-1.jpg 1024w, https:\/\/www.campingduval.com\/wp-content\/uploads\/2025\/12\/coquilles-stjacques-bretagne-1-300x180.jpg 300w, https:\/\/www.campingduval.com\/wp-content\/uploads\/2025\/12\/coquilles-stjacques-bretagne-1-768x461.jpg 768w, https:\/\/www.campingduval.com\/wp-content\/uploads\/2025\/12\/coquilles-stjacques-bretagne-1-500x300.jpg 500w, https:\/\/www.campingduval.com\/wp-content\/uploads\/2025\/12\/coquilles-stjacques-bretagne-1-800x480.jpg 800w\" sizes=\"auto, (max-width: 1024px) 100vw, 1024px\" \/><\/span><\/figure><\/div>\n<\/div><\/div><\/div>\n<\/div><\/div>\n\n\n\n<div class=\"wp-block-stackable-columns alignfull stk-block-columns stk-block stk-043904b\" data-block-id=\"043904b\"><style>.stk-043904b {margin-bottom:var(--stk--preset--spacing--50, clamp(30px, 5vw, 50px)) !important;}<\/style><div class=\"stk-row stk-inner-blocks stk-block-content stk-content-align stk-043904b-column alignwide\">\n<div class=\"wp-block-stackable-column stk-block-column stk-column stk-block stk-f763c80\" data-v=\"4\" data-block-id=\"f763c80\"><div class=\"stk-column-wrapper stk-block-column__content stk-container stk-f763c80-container stk--no-background stk--no-padding\"><div class=\"stk-block-content stk-inner-blocks stk-f763c80-inner-blocks\">\n<div class=\"wp-block-stackable-image stk-block-image stk-block stk-0fadbeb\" data-block-id=\"0fadbeb\"><style>.stk-0fadbeb .stk-img-wrapper{width:100% !important;height:350px !important;}<\/style><figure><span class=\"stk-img-wrapper stk-image--shape-stretch\"><img loading=\"lazy\" decoding=\"async\" class=\"stk-img wp-image-1252\" src=\"https:\/\/www.campingduval.com\/wp-content\/uploads\/2025\/12\/Bsbpc-aa1670_LAMOUREUX-Alexandre.jpg\" width=\"1000\" height=\"667\" alt=\"Return from scallop fishing\" srcset=\"https:\/\/www.campingduval.com\/wp-content\/uploads\/2025\/12\/Bsbpc-aa1670_LAMOUREUX-Alexandre.jpg 1000w, https:\/\/www.campingduval.com\/wp-content\/uploads\/2025\/12\/Bsbpc-aa1670_LAMOUREUX-Alexandre-300x200.jpg 300w, https:\/\/www.campingduval.com\/wp-content\/uploads\/2025\/12\/Bsbpc-aa1670_LAMOUREUX-Alexandre-768x512.jpg 768w, https:\/\/www.campingduval.com\/wp-content\/uploads\/2025\/12\/Bsbpc-aa1670_LAMOUREUX-Alexandre-500x334.jpg 500w, https:\/\/www.campingduval.com\/wp-content\/uploads\/2025\/12\/Bsbpc-aa1670_LAMOUREUX-Alexandre-800x534.jpg 800w\" sizes=\"auto, (max-width: 1000px) 100vw, 1000px\" \/><\/span><\/figure><\/div>\n<\/div><\/div><\/div>\n\n\n\n<div class=\"wp-block-stackable-column stk-block-column stk-column stk-block stk-9cdade8\" data-v=\"4\" data-block-id=\"9cdade8\"><style>.stk-9cdade8 {align-self:center !important;}<\/style><div class=\"stk-column-wrapper stk-block-column__content stk-container stk-9cdade8-container stk--no-background stk--no-padding\"><div class=\"stk-block-content stk-inner-blocks stk-9cdade8-inner-blocks\">\n<div class=\"wp-block-stackable-heading stk-block-heading stk-block-heading--v2 stk-block stk-35495ed\" id=\"camping-du-val-base-de-depart-vers-les-tresors-des-cotes-d-armor\" data-block-id=\"35495ed\"><style>.stk-35495ed .stk-block-heading__text{color:var(--stk-global-color-34329, #ef7b24) !important;}<\/style><h3 class=\"stk-block-heading__text has-text-color\">Explore and enjoy the ocean&nbsp;<\/h3><\/div>\n\n\n\n<div class=\"wp-block-stackable-text stk-block-text stk-block stk-4926cbf\" data-block-id=\"4926cbf\"><style>.stk-4926cbf .stk-block-text__text{font-size:1.2rem !important;}@media screen and (max-width: 1023px){.stk-4926cbf .stk-block-text__text{font-size:1.2rem !important;}}<\/style><p class=\"stk-block-text__text\">Alternating between these two activities - fishing on foot &amp; walking in the sea - enriches your stay. You can spend the morning collecting shells, then the afternoon exploring the hiking trails, before sampling the products of your catch. Erquy's micro-climate makes these experiences particularly enjoyable.<\/p><\/div>\n\n\n\n<div class=\"wp-block-stackable-text stk-block-text stk-block stk-da8c376\" data-block-id=\"da8c376\"><style>.stk-da8c376 .stk-block-text__text{font-size:1.2rem !important;}@media screen and (max-width: 1023px){.stk-da8c376 .stk-block-text__text{font-size:1.2rem !important;}}<\/style><p class=\"stk-block-text__text translation-block\">Camping du Val offers you the <a href=\"https:\/\/www.campingduval.com\/en\/good-reasons-to-come-to-camping-du-val\/\" data-type=\"page\" data-id=\"688\" target=\"_self\">comfort and tranquillity<\/a> you need to recharge your batteries between these <a href=\"https:\/\/www.campingduval.com\/en\/cote-loisirs-2\/\" data-type=\"page\" data-id=\"800\" target=\"_self\">activities<\/a>. Your stay will be a total immersion in Breton maritime culture, to the rhythm of the ocean.<\/p><\/div>\n<\/div><\/div><\/div>\n<\/div><\/div>","protected":false},"excerpt":{"rendered":"<p>L&rsquo;Oc\u00e9an en partage : Les plaisirs de la mar\u00e9e et des flots Le littoral autour d&rsquo;Erquy est intrins\u00e8quement li\u00e9 au rythme des mar\u00e9es, ouvrant la voie \u00e0 des activit\u00e9s maritimes authentiques. Depuis le Camping du Val, vous acc\u00e9dez facilement aux joies de la p\u00eache \u00e0 pied &amp; promenade en mer, des exp\u00e9riences qui vous connectent [&hellip;]<\/p>\n","protected":false},"author":1,"featured_media":1252,"parent":796,"menu_order":0,"comment_status":"closed","ping_status":"closed","template":"","meta":{"_acf_changed":false,"_seopress_robots_primary_cat":"","_seopress_titles_title":"P\u00eache \u00e0 pied & promenade en mer\u00a0- Camping du Val","_seopress_titles_desc":"Le littoral autour d'Erquy est intrins\u00e8quement li\u00e9 au rythme des mar\u00e9es, ouvrant la voie \u00e0 des activit\u00e9s maritimes authentiques.","_seopress_robots_index":"","_vp_format_video_url":"","_vp_image_focal_point":[],"footnotes":""},"class_list":["post-842","page","type-page","status-publish","has-post-thumbnail","hentry"],"acf":[],"_links":{"self":[{"href":"https:\/\/www.campingduval.com\/en\/wp-json\/wp\/v2\/pages\/842","targetHints":{"allow":["GET"]}}],"collection":[{"href":"https:\/\/www.campingduval.com\/en\/wp-json\/wp\/v2\/pages"}],"about":[{"href":"https:\/\/www.campingduval.com\/en\/wp-json\/wp\/v2\/types\/page"}],"author":[{"embeddable":true,"href":"https:\/\/www.campingduval.com\/en\/wp-json\/wp\/v2\/users\/1"}],"replies":[{"embeddable":true,"href":"https:\/\/www.campingduval.com\/en\/wp-json\/wp\/v2\/comments?post=842"}],"version-history":[{"count":8,"href":"https:\/\/www.campingduval.com\/en\/wp-json\/wp\/v2\/pages\/842\/revisions"}],"predecessor-version":[{"id":1492,"href":"https:\/\/www.campingduval.com\/en\/wp-json\/wp\/v2\/pages\/842\/revisions\/1492"}],"up":[{"embeddable":true,"href":"https:\/\/www.campingduval.com\/en\/wp-json\/wp\/v2\/pages\/796"}],"wp:featuredmedia":[{"embeddable":true,"href":"https:\/\/www.campingduval.com\/en\/wp-json\/wp\/v2\/media\/1252"}],"wp:attachment":[{"href":"https:\/\/www.campingduval.com\/en\/wp-json\/wp\/v2\/media?parent=842"}],"curies":[{"name":"wp","href":"https:\/\/api.w.org\/{rel}","templated":true}]}}