{"id":800,"date":"2025-12-10T16:47:57","date_gmt":"2025-12-10T15:47:57","guid":{"rendered":"https:\/\/www.campingduval.com\/?page_id=800"},"modified":"2026-01-06T16:09:07","modified_gmt":"2026-01-06T15:09:07","slug":"cote-loisirs","status":"publish","type":"page","link":"https:\/\/www.campingduval.com\/en\/cote-loisirs\/","title":{"rendered":"Leisure side"},"content":{"rendered":"<div class=\"wp-block-stackable-columns stk-block-columns stk-block stk-e6e183b\" data-block-id=\"e6e183b\"><style>.stk-e6e183b {padding-top:var(--stk--preset--spacing--50, clamp(30px, 5vw, 50px)) !important;padding-right:var(--stk--preset--spacing--50, clamp(30px, 5vw, 50px)) !important;padding-bottom:var(--stk--preset--spacing--50, clamp(30px, 5vw, 50px)) !important;padding-left:var(--stk--preset--spacing--50, clamp(30px, 5vw, 50px)) !important;}<\/style><div class=\"stk-row stk-inner-blocks stk-block-content stk-content-align stk-e6e183b-column\">\n<div class=\"wp-block-stackable-column stk-block-column stk-column stk-block stk-ef9c291\" data-v=\"4\" data-block-id=\"ef9c291\"><div class=\"stk-column-wrapper stk-block-column__content stk-container stk-ef9c291-container stk--no-background stk--no-padding\"><div class=\"stk-block-content stk-inner-blocks stk-ef9c291-inner-blocks\">\n<div class=\"wp-block-stackable-image-box stk-block-image-box stk-hover-parent stk-block stk-82be0a6 is-style-default\" data-block-id=\"82be0a6\"><style>.stk-82be0a6 {border-top-left-radius:var(--stk--preset--border-radius--large, 16px) !important;border-top-right-radius:var(--stk--preset--border-radius--large, 16px) !important;border-bottom-right-radius:var(--stk--preset--border-radius--large, 16px) !important;border-bottom-left-radius:var(--stk--preset--border-radius--large, 16px) !important;overflow:hidden !important;}<\/style><div class=\"stk-block-content stk-inner-blocks has-text-align-center stk-row stk-block-image-box__content\">\n<div class=\"wp-block-stackable-image stk-block-image stk-block stk-59f40ac\" data-block-id=\"59f40ac\"><style>.stk-59f40ac .stk-img-wrapper{height:350px !important;}.stk-59f40ac .stk-img-wrapper::after{background-color:#111111 !important;}:where(.stk-hover-parent:hover,  .stk-hover-parent.stk--is-hovered) .stk-59f40ac .stk-img-wrapper::after{background-color:var(--stk-global-color-58153, #01acb7) !important;}<\/style><figure><span class=\"stk-img-wrapper stk-image--shape-stretch\"><img loading=\"lazy\" decoding=\"async\" class=\"stk-img wp-image-1220\" src=\"https:\/\/www.campingduval.com\/wp-content\/uploads\/2025\/12\/18-PVA-L-Oeil-de-Paco-1-.jpg\" width=\"1000\" height=\"667\" alt=\"Pl\u00e9neuf-Val-Andr\u00e9 Golf Club\u00a0\" srcset=\"https:\/\/www.campingduval.com\/wp-content\/uploads\/2025\/12\/18-PVA-L-Oeil-de-Paco-1-.jpg 1000w, https:\/\/www.campingduval.com\/wp-content\/uploads\/2025\/12\/18-PVA-L-Oeil-de-Paco-1--300x200.jpg 300w, https:\/\/www.campingduval.com\/wp-content\/uploads\/2025\/12\/18-PVA-L-Oeil-de-Paco-1--768x512.jpg 768w, https:\/\/www.campingduval.com\/wp-content\/uploads\/2025\/12\/18-PVA-L-Oeil-de-Paco-1--500x334.jpg 500w, https:\/\/www.campingduval.com\/wp-content\/uploads\/2025\/12\/18-PVA-L-Oeil-de-Paco-1--800x534.jpg 800w\" sizes=\"auto, (max-width: 1000px) 100vw, 1000px\" \/><\/span><\/figure><\/div>\n\n\n\n<div class=\"wp-block-stackable-column stk-block-column stk-column stk-block stk-bc8e413\" data-v=\"4\" data-block-id=\"bc8e413\"><style>.stk-bc8e413 {align-items:center !important;display:flex !important;}<\/style><div class=\"stk-column-wrapper stk-block-column__content stk-container stk-bc8e413-container stk--no-background stk--no-padding\"><div class=\"stk-block-content stk-inner-blocks stk-bc8e413-inner-blocks\">\n<div class=\"wp-block-stackable-heading stk-block-heading stk-block-heading--v2 stk-block stk-2413e78\" id=\"golf-de-pleneuf-val-andre\" data-block-id=\"2413e78\"><style>.stk-2413e78 .stk-block-heading__text{font-size:var(--stk--preset--font-size--large, 1.38rem) !important;color:#fffffe !important;}@media screen and (max-width: 1023px){.stk-2413e78 .stk-block-heading__text{font-size:var(--stk--preset--font-size--large, 1.38rem) !important;}}<\/style><h4 class=\"stk-block-heading__text has-text-color has-white-color\">Pl\u00e9neuf-Val-Andr\u00e9 Golf Club&nbsp;<\/h4><\/div>\n\n\n\n<div class=\"wp-block-stackable-text stk-block-text stk-block stk-b855440\" data-block-id=\"b855440\"><style>.stk-b855440 {opacity:0 !important;transform:translateY(-24px) !important;}:where(.stk-hover-parent:hover,  .stk-hover-parent.stk--is-hovered) .stk-b855440{opacity:1 !important;transform:translateY(0px) !important;}.stk-b855440 .stk-block-text__text{color:#FFFFFF !important;}<\/style><p class=\"stk-block-text__text has-text-color has-white-color\">Find out more<\/p><\/div>\n\n\n\n<div class=\"wp-block-stackable-icon stk-block-icon stk-block stk-046f0f6\" data-block-id=\"046f0f6\"><style>.stk-046f0f6 {margin-top:56px !important;opacity:0 !important;transform:translateY(24px) !important;}:where(.stk-hover-parent:hover,  .stk-hover-parent.stk--is-hovered) .stk-046f0f6{opacity:1 !important;transform:translateY(0px) !important;}.stk-046f0f6 .stk--svg-wrapper .stk--inner-svg svg:last-child, .stk-046f0f6 .stk--svg-wrapper .stk--inner-svg svg:last-child :is(g, path, rect, polygon, ellipse){fill:#FFFFFF !important;}<\/style><span class=\"stk--svg-wrapper\"><div class=\"stk--inner-svg\"><svg style=\"height:0;width:0\"><defs><lineargradient id=\"linear-gradient-046f0f6\" x1=\"0\" x2=\"100%\" y1=\"0\" y2=\"0\"><stop offset=\"0%\" style=\"stop-opacity:1;stop-color:var(--linear-gradient-046-f-0-f-6-color-1)\"><\/stop><stop offset=\"100%\" style=\"stop-opacity:1;stop-color:var(--linear-gradient-046-f-0-f-6-color-2)\"><\/stop><\/lineargradient><\/defs><\/svg><svg data-prefix=\"fas\" data-icon=\"arrow-right\" class=\"svg-inline--fa fa-arrow-right fa-w-14\" xmlns=\"http:\/\/www.w3.org\/2000\/svg\" viewbox=\"0 0 448 512\" aria-hidden=\"true\" width=\"32\" height=\"32\"><path fill=\"currentColor\" d=\"M190.5 66.9l22.2-22.2c9.4-9.4 24.6-9.4 33.9 0L441 239c9.4 9.4 9.4 24.6 0 33.9L246.6 467.3c-9.4 9.4-24.6 9.4-33.9 0l-22.2-22.2c-9.5-9.5-9.3-25 .4-34.3L311.4 296H24c-13.3 0-24-10.7-24-24v-32c0-13.3 10.7-24 24-24h287.4L190.9 101.2c-9.8-9.3-10-24.8-.4-34.3z\"><\/path><\/svg><\/div><\/span><\/div>\n<\/div><\/div><\/div>\n<\/div><a class=\"stk-link stk-block-link stk--transparent-overlay\" href=\"https:\/\/www.campingduval.com\/en\/pleneuf-val-andre-golf-course\/\"><\/a><\/div>\n<\/div><\/div><\/div>\n\n\n\n<div class=\"wp-block-stackable-column stk-block-column stk-column stk-block stk-83356ca\" data-v=\"4\" data-block-id=\"83356ca\"><div class=\"stk-column-wrapper stk-block-column__content stk-container stk-83356ca-container stk--no-background stk--no-padding\"><div class=\"stk-block-content stk-inner-blocks stk-83356ca-inner-blocks\">\n<div class=\"wp-block-stackable-image-box stk-block-image-box stk-hover-parent stk-block stk-8f5d406 is-style-default\" data-block-id=\"8f5d406\"><style>.stk-8f5d406 {border-top-left-radius:var(--stk--preset--border-radius--large, 16px) !important;border-top-right-radius:var(--stk--preset--border-radius--large, 16px) !important;border-bottom-right-radius:var(--stk--preset--border-radius--large, 16px) !important;border-bottom-left-radius:var(--stk--preset--border-radius--large, 16px) !important;overflow:hidden !important;}<\/style><div class=\"stk-block-content stk-inner-blocks has-text-align-center stk-row stk-block-image-box__content\">\n<div class=\"wp-block-stackable-image stk-block-image stk-block stk-ad1096e\" data-block-id=\"ad1096e\"><style>.stk-ad1096e .stk-img-wrapper{height:350px !important;}.stk-ad1096e .stk-img-wrapper::after{background-color:#111111 !important;}:where(.stk-hover-parent:hover,  .stk-hover-parent.stk--is-hovered) .stk-ad1096e .stk-img-wrapper::after{background-color:var(--stk-global-color-58153, #01acb7) !important;}<\/style><figure><span class=\"stk-img-wrapper stk-image--shape-stretch\"><img loading=\"lazy\" decoding=\"async\" class=\"stk-img wp-image-1229\" src=\"https:\/\/www.campingduval.com\/wp-content\/uploads\/2025\/12\/portrait-de-silhouette-de-jeune-couple-romantique-a-cheval-sur-la-plage-fille-et-son-petit-ami-au-coucher-du-soleil-colore-dore.jpg\" width=\"1000\" height=\"667\" alt=\"Horse riding\" srcset=\"https:\/\/www.campingduval.com\/wp-content\/uploads\/2025\/12\/portrait-de-silhouette-de-jeune-couple-romantique-a-cheval-sur-la-plage-fille-et-son-petit-ami-au-coucher-du-soleil-colore-dore.jpg 1000w, https:\/\/www.campingduval.com\/wp-content\/uploads\/2025\/12\/portrait-de-silhouette-de-jeune-couple-romantique-a-cheval-sur-la-plage-fille-et-son-petit-ami-au-coucher-du-soleil-colore-dore-300x200.jpg 300w, https:\/\/www.campingduval.com\/wp-content\/uploads\/2025\/12\/portrait-de-silhouette-de-jeune-couple-romantique-a-cheval-sur-la-plage-fille-et-son-petit-ami-au-coucher-du-soleil-colore-dore-768x512.jpg 768w, https:\/\/www.campingduval.com\/wp-content\/uploads\/2025\/12\/portrait-de-silhouette-de-jeune-couple-romantique-a-cheval-sur-la-plage-fille-et-son-petit-ami-au-coucher-du-soleil-colore-dore-500x334.jpg 500w, https:\/\/www.campingduval.com\/wp-content\/uploads\/2025\/12\/portrait-de-silhouette-de-jeune-couple-romantique-a-cheval-sur-la-plage-fille-et-son-petit-ami-au-coucher-du-soleil-colore-dore-800x534.jpg 800w\" sizes=\"auto, (max-width: 1000px) 100vw, 1000px\" \/><\/span><\/figure><\/div>\n\n\n\n<div class=\"wp-block-stackable-column stk-block-column stk-column stk-block stk-476b6be\" data-v=\"4\" data-block-id=\"476b6be\"><style>.stk-476b6be {align-items:center !important;display:flex !important;}<\/style><div class=\"stk-column-wrapper stk-block-column__content stk-container stk-476b6be-container stk--no-background stk--no-padding\"><div class=\"stk-block-content stk-inner-blocks stk-476b6be-inner-blocks\">\n<div class=\"wp-block-stackable-heading stk-block-heading stk-block-heading--v2 stk-block stk-c7fd533\" id=\"balades-equestres\" data-block-id=\"c7fd533\"><style>.stk-c7fd533 .stk-block-heading__text{font-size:var(--stk--preset--font-size--large, 1.38rem) !important;color:#fffffe !important;}@media screen and (max-width: 1023px){.stk-c7fd533 .stk-block-heading__text{font-size:var(--stk--preset--font-size--large, 1.38rem) !important;}}<\/style><h4 class=\"stk-block-heading__text has-text-color has-white-color\">Horse rides<\/h4><\/div>\n\n\n\n<div class=\"wp-block-stackable-text stk-block-text stk-block stk-8fc99de\" data-block-id=\"8fc99de\"><style>.stk-8fc99de {opacity:0 !important;transform:translateY(-24px) !important;}:where(.stk-hover-parent:hover,  .stk-hover-parent.stk--is-hovered) .stk-8fc99de{opacity:1 !important;transform:translateY(0px) !important;}.stk-8fc99de .stk-block-text__text{color:#FFFFFF !important;}<\/style><p class=\"stk-block-text__text has-text-color has-white-color\">Find out more<\/p><\/div>\n\n\n\n<div class=\"wp-block-stackable-icon stk-block-icon stk-block stk-9e30899\" data-block-id=\"9e30899\"><style>.stk-9e30899 {margin-top:56px !important;opacity:0 !important;transform:translateY(24px) !important;}:where(.stk-hover-parent:hover,  .stk-hover-parent.stk--is-hovered) .stk-9e30899{opacity:1 !important;transform:translateY(0px) !important;}.stk-9e30899 .stk--svg-wrapper .stk--inner-svg svg:last-child, .stk-9e30899 .stk--svg-wrapper .stk--inner-svg svg:last-child :is(g, path, rect, polygon, ellipse){fill:#FFFFFF !important;}<\/style><span class=\"stk--svg-wrapper\"><div class=\"stk--inner-svg\"><svg style=\"height:0;width:0\"><defs><lineargradient id=\"linear-gradient-9e30899\" x1=\"0\" x2=\"100%\" y1=\"0\" y2=\"0\"><stop offset=\"0%\" style=\"stop-opacity:1;stop-color:var(--linear-gradient-9-e-30899-color-1)\"><\/stop><stop offset=\"100%\" style=\"stop-opacity:1;stop-color:var(--linear-gradient-9-e-30899-color-2)\"><\/stop><\/lineargradient><\/defs><\/svg><svg data-prefix=\"fas\" data-icon=\"arrow-right\" class=\"svg-inline--fa fa-arrow-right fa-w-14\" xmlns=\"http:\/\/www.w3.org\/2000\/svg\" viewbox=\"0 0 448 512\" aria-hidden=\"true\" width=\"32\" height=\"32\"><path fill=\"currentColor\" d=\"M190.5 66.9l22.2-22.2c9.4-9.4 24.6-9.4 33.9 0L441 239c9.4 9.4 9.4 24.6 0 33.9L246.6 467.3c-9.4 9.4-24.6 9.4-33.9 0l-22.2-22.2c-9.5-9.5-9.3-25 .4-34.3L311.4 296H24c-13.3 0-24-10.7-24-24v-32c0-13.3 10.7-24 24-24h287.4L190.9 101.2c-9.8-9.3-10-24.8-.4-34.3z\"><\/path><\/svg><\/div><\/span><\/div>\n<\/div><\/div><\/div>\n<\/div><a class=\"stk-link stk-block-link stk--transparent-overlay\" href=\"https:\/\/www.campingduval.com\/en\/pleneuf-val-andre-golf-course\/\"><\/a><\/div>\n<\/div><\/div><\/div>\n\n\n\n<div class=\"wp-block-stackable-column stk-block-column stk-column stk-block stk-828f7c6\" data-v=\"4\" data-block-id=\"828f7c6\"><div class=\"stk-column-wrapper stk-block-column__content stk-container stk-828f7c6-container stk--no-background stk--no-padding\"><div class=\"stk-block-content stk-inner-blocks stk-828f7c6-inner-blocks\">\n<div class=\"wp-block-stackable-image-box stk-block-image-box stk-hover-parent stk-block stk-9c537a6 is-style-default\" data-block-id=\"9c537a6\"><style>.stk-9c537a6 {border-top-left-radius:var(--stk--preset--border-radius--large, 16px) !important;border-top-right-radius:var(--stk--preset--border-radius--large, 16px) !important;border-bottom-right-radius:var(--stk--preset--border-radius--large, 16px) !important;border-bottom-left-radius:var(--stk--preset--border-radius--large, 16px) !important;overflow:hidden !important;}<\/style><div class=\"stk-block-content stk-inner-blocks has-text-align-center stk-row stk-block-image-box__content\">\n<div class=\"wp-block-stackable-image stk-block-image stk-block stk-8edc651\" data-block-id=\"8edc651\"><style>.stk-8edc651 .stk-img-wrapper{height:350px !important;}.stk-8edc651 .stk-img-wrapper img{object-position:49% 52% !important;}.stk-8edc651 .stk-img-wrapper::after{background-color:#111111 !important;}:where(.stk-hover-parent:hover,  .stk-hover-parent.stk--is-hovered) .stk-8edc651 .stk-img-wrapper::after{background-color:var(--stk-global-color-58153, #01acb7) !important;}<\/style><figure><span class=\"stk-img-wrapper stk-image--shape-stretch\"><img loading=\"lazy\" decoding=\"async\" class=\"stk-img wp-image-1228\" src=\"https:\/\/www.campingduval.com\/wp-content\/uploads\/2025\/12\/ponbino_95.jpg\" width=\"1000\" height=\"667\" alt=\"Armoripark\"\/><\/span><\/figure><\/div>\n\n\n\n<div class=\"wp-block-stackable-column stk-block-column stk-column stk-block stk-6151a12\" data-v=\"4\" data-block-id=\"6151a12\"><style>.stk-6151a12 {align-items:center !important;display:flex !important;}<\/style><div class=\"stk-column-wrapper stk-block-column__content stk-container stk-6151a12-container stk--no-background stk--no-padding\"><div class=\"stk-block-content stk-inner-blocks stk-6151a12-inner-blocks\">\n<div class=\"wp-block-stackable-heading stk-block-heading stk-block-heading--v2 stk-block stk-2cd4170\" id=\"armoripark\" data-block-id=\"2cd4170\"><style>.stk-2cd4170 .stk-block-heading__text{font-size:var(--stk--preset--font-size--large, 1.38rem) !important;color:#fffffe !important;}@media screen and (max-width: 1023px){.stk-2cd4170 .stk-block-heading__text{font-size:var(--stk--preset--font-size--large, 1.38rem) !important;}}<\/style><h4 class=\"stk-block-heading__text has-text-color has-white-color\">Armoripark<\/h4><\/div>\n\n\n\n<div class=\"wp-block-stackable-text stk-block-text stk-block stk-1f2e68a\" data-block-id=\"1f2e68a\"><style>.stk-1f2e68a {opacity:0 !important;transform:translateY(-24px) !important;}:where(.stk-hover-parent:hover,  .stk-hover-parent.stk--is-hovered) .stk-1f2e68a{opacity:1 !important;transform:translateY(0px) !important;}.stk-1f2e68a .stk-block-text__text{color:#FFFFFF !important;}<\/style><p class=\"stk-block-text__text has-text-color has-white-color\">Find out more<\/p><\/div>\n\n\n\n<div class=\"wp-block-stackable-icon stk-block-icon stk-block stk-957edf8\" data-block-id=\"957edf8\"><style>.stk-957edf8 {margin-top:56px !important;opacity:0 !important;transform:translateY(24px) !important;}:where(.stk-hover-parent:hover,  .stk-hover-parent.stk--is-hovered) .stk-957edf8{opacity:1 !important;transform:translateY(0px) !important;}.stk-957edf8 .stk--svg-wrapper .stk--inner-svg svg:last-child, .stk-957edf8 .stk--svg-wrapper .stk--inner-svg svg:last-child :is(g, path, rect, polygon, ellipse){fill:#FFFFFF !important;}<\/style><span class=\"stk--svg-wrapper\"><div class=\"stk--inner-svg\"><svg style=\"height:0;width:0\"><defs><lineargradient id=\"linear-gradient-957edf8\" x1=\"0\" x2=\"100%\" y1=\"0\" y2=\"0\"><stop offset=\"0%\" style=\"stop-opacity:1;stop-color:var(--linear-gradient-957-edf-8-color-1)\"><\/stop><stop offset=\"100%\" style=\"stop-opacity:1;stop-color:var(--linear-gradient-957-edf-8-color-2)\"><\/stop><\/lineargradient><\/defs><\/svg><svg data-prefix=\"fas\" data-icon=\"arrow-right\" class=\"svg-inline--fa fa-arrow-right fa-w-14\" xmlns=\"http:\/\/www.w3.org\/2000\/svg\" viewbox=\"0 0 448 512\" aria-hidden=\"true\" width=\"32\" height=\"32\"><path fill=\"currentColor\" d=\"M190.5 66.9l22.2-22.2c9.4-9.4 24.6-9.4 33.9 0L441 239c9.4 9.4 9.4 24.6 0 33.9L246.6 467.3c-9.4 9.4-24.6 9.4-33.9 0l-22.2-22.2c-9.5-9.5-9.3-25 .4-34.3L311.4 296H24c-13.3 0-24-10.7-24-24v-32c0-13.3 10.7-24 24-24h287.4L190.9 101.2c-9.8-9.3-10-24.8-.4-34.3z\"><\/path><\/svg><\/div><\/span><\/div>\n<\/div><\/div><\/div>\n<\/div><a class=\"stk-link stk-block-link stk--transparent-overlay\" href=\"https:\/\/www.campingduval.com\/en\/armoripark\/\"><\/a><\/div>\n<\/div><\/div><\/div>\n<\/div><\/div>","protected":false},"excerpt":{"rendered":"<p>Pl\u00e9neuf-Val-Andr\u00e9 golf course Find out more Horse riding Find out more Armoripark Find out more<\/p>","protected":false},"author":1,"featured_media":1229,"parent":0,"menu_order":0,"comment_status":"closed","ping_status":"closed","template":"","meta":{"_acf_changed":false,"_seopress_robots_primary_cat":"","_seopress_titles_title":"C\u00f4t\u00e9 Loisirs - Camping du Val","_seopress_titles_desc":"Le plein d'activit\u00e9s pr\u00e8s du camping : Golf de Pl\u00e9neuf-Val-Andr\u00e9, balades \u00e9questres et parc d'attractions Armoripark. Divertissement garanti \u00e0 Erquy.","_seopress_robots_index":"","_vp_format_video_url":"","_vp_image_focal_point":[],"footnotes":""},"class_list":["post-800","page","type-page","status-publish","has-post-thumbnail","hentry"],"acf":[],"_links":{"self":[{"href":"https:\/\/www.campingduval.com\/en\/wp-json\/wp\/v2\/pages\/800","targetHints":{"allow":["GET"]}}],"collection":[{"href":"https:\/\/www.campingduval.com\/en\/wp-json\/wp\/v2\/pages"}],"about":[{"href":"https:\/\/www.campingduval.com\/en\/wp-json\/wp\/v2\/types\/page"}],"author":[{"embeddable":true,"href":"https:\/\/www.campingduval.com\/en\/wp-json\/wp\/v2\/users\/1"}],"replies":[{"embeddable":true,"href":"https:\/\/www.campingduval.com\/en\/wp-json\/wp\/v2\/comments?post=800"}],"version-history":[{"count":8,"href":"https:\/\/www.campingduval.com\/en\/wp-json\/wp\/v2\/pages\/800\/revisions"}],"predecessor-version":[{"id":1404,"href":"https:\/\/www.campingduval.com\/en\/wp-json\/wp\/v2\/pages\/800\/revisions\/1404"}],"wp:featuredmedia":[{"embeddable":true,"href":"https:\/\/www.campingduval.com\/en\/wp-json\/wp\/v2\/media\/1229"}],"wp:attachment":[{"href":"https:\/\/www.campingduval.com\/en\/wp-json\/wp\/v2\/media?parent=800"}],"curies":[{"name":"wp","href":"https:\/\/api.w.org\/{rel}","templated":true}]}}