{"id":796,"date":"2025-12-10T16:47:07","date_gmt":"2025-12-10T15:47:07","guid":{"rendered":"https:\/\/www.campingduval.com\/?page_id=796"},"modified":"2026-01-05T11:20:49","modified_gmt":"2026-01-05T10:20:49","slug":"cote-nature-decouverte","status":"publish","type":"page","link":"https:\/\/www.campingduval.com\/en\/cote-nature-decouverte\/","title":{"rendered":"Nature &amp; discovery side"},"content":{"rendered":"<div class=\"wp-block-stackable-columns stk-block-columns stk-block stk-e6e183b\" data-block-id=\"e6e183b\"><style>.stk-e6e183b {padding-top:var(--stk--preset--spacing--50, clamp(30px, 5vw, 50px)) !important;padding-right:var(--stk--preset--spacing--50, clamp(30px, 5vw, 50px)) !important;padding-bottom:var(--stk--preset--spacing--50, clamp(30px, 5vw, 50px)) !important;padding-left:var(--stk--preset--spacing--50, clamp(30px, 5vw, 50px)) !important;}<\/style><div class=\"stk-row stk-inner-blocks stk-block-content stk-content-align stk-e6e183b-column\">\n<div class=\"wp-block-stackable-column stk-block-column stk-column stk-block stk-ef9c291\" data-v=\"4\" data-block-id=\"ef9c291\"><div class=\"stk-column-wrapper stk-block-column__content stk-container stk-ef9c291-container stk--no-background stk--no-padding\"><div class=\"stk-block-content stk-inner-blocks stk-ef9c291-inner-blocks\">\n<div class=\"wp-block-stackable-image-box stk-block-image-box stk-hover-parent stk-block stk-82be0a6 is-style-default\" data-block-id=\"82be0a6\"><style>.stk-82be0a6 {border-top-left-radius:var(--stk--preset--border-radius--large, 16px) !important;border-top-right-radius:var(--stk--preset--border-radius--large, 16px) !important;border-bottom-right-radius:var(--stk--preset--border-radius--large, 16px) !important;border-bottom-left-radius:var(--stk--preset--border-radius--large, 16px) !important;overflow:hidden !important;}<\/style><div class=\"stk-block-content stk-inner-blocks has-text-align-center stk-row stk-block-image-box__content\">\n<div class=\"wp-block-stackable-image stk-block-image stk-block stk-59f40ac\" data-block-id=\"59f40ac\"><style>.stk-59f40ac .stk-img-wrapper{height:350px !important;}.stk-59f40ac .stk-img-wrapper::after{background-color:#111111 !important;}:where(.stk-hover-parent:hover,  .stk-hover-parent.stk--is-hovered) .stk-59f40ac .stk-img-wrapper::after{background-color:var(--stk-global-color-58153, #01acb7) !important;}<\/style><figure><span class=\"stk-img-wrapper stk-image--shape-stretch\"><img alt=\"path for walking, cycling or horse riding\" loading=\"lazy\" decoding=\"async\" class=\"stk-img wp-image-1240\" src=\"https:\/\/www.campingduval.com\/wp-content\/uploads\/2025\/12\/sentiers-pedestres-erquy-2.jpg\" width=\"1000\" height=\"667\" srcset=\"https:\/\/www.campingduval.com\/wp-content\/uploads\/2025\/12\/sentiers-pedestres-erquy-2.jpg 800w, https:\/\/www.campingduval.com\/wp-content\/uploads\/2025\/12\/sentiers-pedestres-erquy-2-300x200.jpg 300w, https:\/\/www.campingduval.com\/wp-content\/uploads\/2025\/12\/sentiers-pedestres-erquy-2-768x513.jpg 768w, https:\/\/www.campingduval.com\/wp-content\/uploads\/2025\/12\/sentiers-pedestres-erquy-2-500x334.jpg 500w\" sizes=\"auto, (max-width: 1000px) 100vw, 1000px\" \/><\/span><\/figure><\/div>\n\n\n\n<div class=\"wp-block-stackable-column stk-block-column stk-column stk-block stk-bc8e413\" data-v=\"4\" data-block-id=\"bc8e413\"><style>.stk-bc8e413 {align-items:center !important;display:flex !important;}<\/style><div class=\"stk-column-wrapper stk-block-column__content stk-container stk-bc8e413-container stk--no-background stk--no-padding\"><div class=\"stk-block-content stk-inner-blocks stk-bc8e413-inner-blocks\">\n<div class=\"wp-block-stackable-heading stk-block-heading stk-block-heading--v2 stk-block stk-2413e78\" id=\"pistes-cyclables-et-randonnees-sentier-des-douaniers\" data-block-id=\"2413e78\"><style>.stk-2413e78 .stk-block-heading__text{font-size:var(--stk--preset--font-size--large, 1.38rem) !important;color:#fffffe !important;}@media screen and (max-width: 1023px){.stk-2413e78 .stk-block-heading__text{font-size:var(--stk--preset--font-size--large, 1.38rem) !important;}}<\/style><h4 class=\"stk-block-heading__text has-text-color has-white-color\">Cycle paths and walks <br>(customs path)&nbsp;<\/h4><\/div>\n\n\n\n<div class=\"wp-block-stackable-text stk-block-text stk-block stk-b855440\" data-block-id=\"b855440\"><style>.stk-b855440 {opacity:0 !important;transform:translateY(-24px) !important;}:where(.stk-hover-parent:hover,  .stk-hover-parent.stk--is-hovered) .stk-b855440{opacity:1 !important;transform:translateY(0px) !important;}.stk-b855440 .stk-block-text__text{color:#FFFFFF !important;}<\/style><p class=\"stk-block-text__text has-text-color has-white-color\">Find out more<\/p><\/div>\n\n\n\n<div class=\"wp-block-stackable-icon stk-block-icon stk-block stk-046f0f6\" data-block-id=\"046f0f6\"><style>.stk-046f0f6 {margin-top:56px !important;opacity:0 !important;transform:translateY(24px) !important;}:where(.stk-hover-parent:hover,  .stk-hover-parent.stk--is-hovered) .stk-046f0f6{opacity:1 !important;transform:translateY(0px) !important;}.stk-046f0f6 .stk--svg-wrapper .stk--inner-svg svg:last-child, .stk-046f0f6 .stk--svg-wrapper .stk--inner-svg svg:last-child :is(g, path, rect, polygon, ellipse){fill:#FFFFFF !important;}<\/style><span class=\"stk--svg-wrapper\"><div class=\"stk--inner-svg\"><svg style=\"height:0;width:0\"><defs><lineargradient id=\"linear-gradient-046f0f6\" x1=\"0\" x2=\"100%\" y1=\"0\" y2=\"0\"><stop offset=\"0%\" style=\"stop-opacity:1;stop-color:var(--linear-gradient-046-f-0-f-6-color-1)\"><\/stop><stop offset=\"100%\" style=\"stop-opacity:1;stop-color:var(--linear-gradient-046-f-0-f-6-color-2)\"><\/stop><\/lineargradient><\/defs><\/svg><svg data-prefix=\"fas\" data-icon=\"arrow-right\" class=\"svg-inline--fa fa-arrow-right fa-w-14\" xmlns=\"http:\/\/www.w3.org\/2000\/svg\" viewbox=\"0 0 448 512\" aria-hidden=\"true\" width=\"32\" height=\"32\"><path fill=\"currentColor\" d=\"M190.5 66.9l22.2-22.2c9.4-9.4 24.6-9.4 33.9 0L441 239c9.4 9.4 9.4 24.6 0 33.9L246.6 467.3c-9.4 9.4-24.6 9.4-33.9 0l-22.2-22.2c-9.5-9.5-9.3-25 .4-34.3L311.4 296H24c-13.3 0-24-10.7-24-24v-32c0-13.3 10.7-24 24-24h287.4L190.9 101.2c-9.8-9.3-10-24.8-.4-34.3z\"><\/path><\/svg><\/div><\/span><\/div>\n<\/div><\/div><\/div>\n<\/div><a class=\"stk-link stk-block-link stk--transparent-overlay\" href=\"https:\/\/www.campingduval.com\/en\/cycling-and-hiking-trails-customs-officers-trail\/\"><\/a><\/div>\n<\/div><\/div><\/div>\n\n\n\n<div class=\"wp-block-stackable-column stk-block-column stk-column stk-block stk-83356ca\" data-v=\"4\" data-block-id=\"83356ca\"><div class=\"stk-column-wrapper stk-block-column__content stk-container stk-83356ca-container stk--no-background stk--no-padding\"><div class=\"stk-block-content stk-inner-blocks stk-83356ca-inner-blocks\">\n<div class=\"wp-block-stackable-image-box stk-block-image-box stk-hover-parent stk-block stk-8f5d406 is-style-default\" data-block-id=\"8f5d406\"><style>.stk-8f5d406 {border-top-left-radius:var(--stk--preset--border-radius--large, 16px) !important;border-top-right-radius:var(--stk--preset--border-radius--large, 16px) !important;border-bottom-right-radius:var(--stk--preset--border-radius--large, 16px) !important;border-bottom-left-radius:var(--stk--preset--border-radius--large, 16px) !important;overflow:hidden !important;}<\/style><div class=\"stk-block-content stk-inner-blocks has-text-align-center stk-row stk-block-image-box__content\">\n<div class=\"wp-block-stackable-image stk-block-image stk-block stk-ad1096e\" data-block-id=\"ad1096e\"><style>.stk-ad1096e .stk-img-wrapper{height:350px !important;}.stk-ad1096e .stk-img-wrapper::after{background-color:#111111 !important;}:where(.stk-hover-parent:hover,  .stk-hover-parent.stk--is-hovered) .stk-ad1096e .stk-img-wrapper::after{background-color:var(--stk-global-color-58153, #01acb7) !important;}<\/style><figure><span class=\"stk-img-wrapper stk-image--shape-stretch\"><img loading=\"lazy\" decoding=\"async\" class=\"stk-img wp-image-1246\" src=\"https:\/\/www.campingduval.com\/wp-content\/uploads\/2025\/12\/le-mont-saint-michel-1.jpg\" width=\"1000\" height=\"667\" alt=\"Mont St Michel\"\/><\/span><\/figure><\/div>\n\n\n\n<div class=\"wp-block-stackable-column stk-block-column stk-column stk-block stk-476b6be\" data-v=\"4\" data-block-id=\"476b6be\"><style>.stk-476b6be {align-items:center !important;display:flex !important;}<\/style><div class=\"stk-column-wrapper stk-block-column__content stk-container stk-476b6be-container stk--no-background stk--no-padding\"><div class=\"stk-block-content stk-inner-blocks stk-476b6be-inner-blocks\">\n<div class=\"wp-block-stackable-heading stk-block-heading stk-block-heading--v2 stk-block stk-c7fd533\" id=\"baie-du-mont-saint-michel\" data-block-id=\"c7fd533\"><style>.stk-c7fd533 .stk-block-heading__text{font-size:var(--stk--preset--font-size--large, 1.38rem) !important;color:#fffffe !important;}@media screen and (max-width: 1023px){.stk-c7fd533 .stk-block-heading__text{font-size:var(--stk--preset--font-size--large, 1.38rem) !important;}}<\/style><h4 class=\"stk-block-heading__text has-text-color has-white-color\">Mont Saint Michel Bay<\/h4><\/div>\n\n\n\n<div class=\"wp-block-stackable-text stk-block-text stk-block stk-8fc99de\" data-block-id=\"8fc99de\"><style>.stk-8fc99de {opacity:0 !important;transform:translateY(-24px) !important;}:where(.stk-hover-parent:hover,  .stk-hover-parent.stk--is-hovered) .stk-8fc99de{opacity:1 !important;transform:translateY(0px) !important;}.stk-8fc99de .stk-block-text__text{color:#FFFFFF !important;}<\/style><p class=\"stk-block-text__text has-text-color has-white-color\">Find out more<\/p><\/div>\n\n\n\n<div class=\"wp-block-stackable-icon stk-block-icon stk-block stk-9e30899\" data-block-id=\"9e30899\"><style>.stk-9e30899 {margin-top:56px !important;opacity:0 !important;transform:translateY(24px) !important;}:where(.stk-hover-parent:hover,  .stk-hover-parent.stk--is-hovered) .stk-9e30899{opacity:1 !important;transform:translateY(0px) !important;}.stk-9e30899 .stk--svg-wrapper .stk--inner-svg svg:last-child, .stk-9e30899 .stk--svg-wrapper .stk--inner-svg svg:last-child :is(g, path, rect, polygon, ellipse){fill:#FFFFFF !important;}<\/style><span class=\"stk--svg-wrapper\"><div class=\"stk--inner-svg\"><svg style=\"height:0;width:0\"><defs><lineargradient id=\"linear-gradient-9e30899\" x1=\"0\" x2=\"100%\" y1=\"0\" y2=\"0\"><stop offset=\"0%\" style=\"stop-opacity:1;stop-color:var(--linear-gradient-9-e-30899-color-1)\"><\/stop><stop offset=\"100%\" style=\"stop-opacity:1;stop-color:var(--linear-gradient-9-e-30899-color-2)\"><\/stop><\/lineargradient><\/defs><\/svg><svg data-prefix=\"fas\" data-icon=\"arrow-right\" class=\"svg-inline--fa fa-arrow-right fa-w-14\" xmlns=\"http:\/\/www.w3.org\/2000\/svg\" viewbox=\"0 0 448 512\" aria-hidden=\"true\" width=\"32\" height=\"32\"><path fill=\"currentColor\" d=\"M190.5 66.9l22.2-22.2c9.4-9.4 24.6-9.4 33.9 0L441 239c9.4 9.4 9.4 24.6 0 33.9L246.6 467.3c-9.4 9.4-24.6 9.4-33.9 0l-22.2-22.2c-9.5-9.5-9.3-25 .4-34.3L311.4 296H24c-13.3 0-24-10.7-24-24v-32c0-13.3 10.7-24 24-24h287.4L190.9 101.2c-9.8-9.3-10-24.8-.4-34.3z\"><\/path><\/svg><\/div><\/span><\/div>\n<\/div><\/div><\/div>\n<\/div><a class=\"stk-link stk-block-link stk--transparent-overlay\" href=\"https:\/\/www.campingduval.com\/en\/baie-du-mont-saint-miche\/\"><\/a><\/div>\n<\/div><\/div><\/div>\n<\/div><\/div>\n\n\n\n<div class=\"wp-block-stackable-columns stk-block-columns stk-block stk-4526eec\" data-block-id=\"4526eec\"><style>.stk-4526eec {padding-top:var(--stk--preset--spacing--50, clamp(30px, 5vw, 50px)) !important;padding-right:var(--stk--preset--spacing--50, clamp(30px, 5vw, 50px)) !important;padding-bottom:var(--stk--preset--spacing--50, clamp(30px, 5vw, 50px)) !important;padding-left:var(--stk--preset--spacing--50, clamp(30px, 5vw, 50px)) !important;margin-top:-129px !important;}<\/style><div class=\"stk-row stk-inner-blocks stk-block-content stk-content-align stk-4526eec-column\">\n<div class=\"wp-block-stackable-column stk-block-column stk-column stk-block stk-11c458a\" data-v=\"4\" data-block-id=\"11c458a\"><div class=\"stk-column-wrapper stk-block-column__content stk-container stk-11c458a-container stk--no-background stk--no-padding\"><div class=\"stk-block-content stk-inner-blocks stk-11c458a-inner-blocks\">\n<div class=\"wp-block-stackable-image-box stk-block-image-box stk-hover-parent stk-block stk-4d16c1d is-style-default\" data-block-id=\"4d16c1d\"><style>.stk-4d16c1d {border-top-left-radius:var(--stk--preset--border-radius--large, 16px) !important;border-top-right-radius:var(--stk--preset--border-radius--large, 16px) !important;border-bottom-right-radius:var(--stk--preset--border-radius--large, 16px) !important;border-bottom-left-radius:var(--stk--preset--border-radius--large, 16px) !important;overflow:hidden !important;}<\/style><div class=\"stk-block-content stk-inner-blocks has-text-align-center stk-row stk-block-image-box__content\">\n<div class=\"wp-block-stackable-image stk-block-image stk-block stk-e504270\" data-block-id=\"e504270\"><style>.stk-e504270 .stk-img-wrapper{height:350px !important;}.stk-e504270 .stk-img-wrapper::after{background-color:#111111 !important;}:where(.stk-hover-parent:hover,  .stk-hover-parent.stk--is-hovered) .stk-e504270 .stk-img-wrapper::after{background-color:var(--stk-global-color-58153, #01acb7) !important;}<\/style><figure><span class=\"stk-img-wrapper stk-image--shape-stretch\"><img loading=\"lazy\" decoding=\"async\" class=\"stk-img wp-image-1252\" src=\"https:\/\/www.campingduval.com\/wp-content\/uploads\/2025\/12\/Bsbpc-aa1670_LAMOUREUX-Alexandre.jpg\" width=\"1000\" height=\"667\" alt=\"fishing\" srcset=\"https:\/\/www.campingduval.com\/wp-content\/uploads\/2025\/12\/Bsbpc-aa1670_LAMOUREUX-Alexandre.jpg 1000w, https:\/\/www.campingduval.com\/wp-content\/uploads\/2025\/12\/Bsbpc-aa1670_LAMOUREUX-Alexandre-300x200.jpg 300w, https:\/\/www.campingduval.com\/wp-content\/uploads\/2025\/12\/Bsbpc-aa1670_LAMOUREUX-Alexandre-768x512.jpg 768w, https:\/\/www.campingduval.com\/wp-content\/uploads\/2025\/12\/Bsbpc-aa1670_LAMOUREUX-Alexandre-500x334.jpg 500w, https:\/\/www.campingduval.com\/wp-content\/uploads\/2025\/12\/Bsbpc-aa1670_LAMOUREUX-Alexandre-800x534.jpg 800w\" sizes=\"auto, (max-width: 1000px) 100vw, 1000px\" \/><\/span><\/figure><\/div>\n\n\n\n<div class=\"wp-block-stackable-column stk-block-column stk-column stk-block stk-e190c01\" data-v=\"4\" data-block-id=\"e190c01\"><style>.stk-e190c01 {align-items:center !important;display:flex !important;}<\/style><div class=\"stk-column-wrapper stk-block-column__content stk-container stk-e190c01-container stk--no-background stk--no-padding\"><div class=\"stk-block-content stk-inner-blocks stk-e190c01-inner-blocks\">\n<div class=\"wp-block-stackable-heading stk-block-heading stk-block-heading--v2 stk-block stk-bc5406b\" id=\"peche-a-pied-amp-promenade-en-mer\" data-block-id=\"bc5406b\"><style>.stk-bc5406b .stk-block-heading__text{font-size:var(--stk--preset--font-size--large, 1.38rem) !important;color:#fffffe !important;}@media screen and (max-width: 1023px){.stk-bc5406b .stk-block-heading__text{font-size:var(--stk--preset--font-size--large, 1.38rem) !important;}}<\/style><h4 class=\"stk-block-heading__text has-text-color has-white-color\">Fishing &amp; sea walks&nbsp;<\/h4><\/div>\n\n\n\n<div class=\"wp-block-stackable-text stk-block-text stk-block stk-db8fcbd\" data-block-id=\"db8fcbd\"><style>.stk-db8fcbd {opacity:0 !important;transform:translateY(-24px) !important;}:where(.stk-hover-parent:hover,  .stk-hover-parent.stk--is-hovered) .stk-db8fcbd{opacity:1 !important;transform:translateY(0px) !important;}.stk-db8fcbd .stk-block-text__text{color:#FFFFFF !important;}<\/style><p class=\"stk-block-text__text has-text-color has-white-color\">Find out more<\/p><\/div>\n\n\n\n<div class=\"wp-block-stackable-icon stk-block-icon stk-block stk-9ca1de5\" data-block-id=\"9ca1de5\"><style>.stk-9ca1de5 {margin-top:56px !important;opacity:0 !important;transform:translateY(24px) !important;}:where(.stk-hover-parent:hover,  .stk-hover-parent.stk--is-hovered) .stk-9ca1de5{opacity:1 !important;transform:translateY(0px) !important;}.stk-9ca1de5 .stk--svg-wrapper .stk--inner-svg svg:last-child, .stk-9ca1de5 .stk--svg-wrapper .stk--inner-svg svg:last-child :is(g, path, rect, polygon, ellipse){fill:#FFFFFF !important;}<\/style><span class=\"stk--svg-wrapper\"><div class=\"stk--inner-svg\"><svg style=\"height:0;width:0\"><defs><lineargradient id=\"linear-gradient-9ca1de5\" x1=\"0\" x2=\"100%\" y1=\"0\" y2=\"0\"><stop offset=\"0%\" style=\"stop-opacity:1;stop-color:var(--linear-gradient-9-ca-1-de-5-color-1)\"><\/stop><stop offset=\"100%\" style=\"stop-opacity:1;stop-color:var(--linear-gradient-9-ca-1-de-5-color-2)\"><\/stop><\/lineargradient><\/defs><\/svg><svg data-prefix=\"fas\" data-icon=\"arrow-right\" class=\"svg-inline--fa fa-arrow-right fa-w-14\" xmlns=\"http:\/\/www.w3.org\/2000\/svg\" viewbox=\"0 0 448 512\" aria-hidden=\"true\" width=\"32\" height=\"32\"><path fill=\"currentColor\" d=\"M190.5 66.9l22.2-22.2c9.4-9.4 24.6-9.4 33.9 0L441 239c9.4 9.4 9.4 24.6 0 33.9L246.6 467.3c-9.4 9.4-24.6 9.4-33.9 0l-22.2-22.2c-9.5-9.5-9.3-25 .4-34.3L311.4 296H24c-13.3 0-24-10.7-24-24v-32c0-13.3 10.7-24 24-24h287.4L190.9 101.2c-9.8-9.3-10-24.8-.4-34.3z\"><\/path><\/svg><\/div><\/span><\/div>\n<\/div><\/div><\/div>\n<\/div><a class=\"stk-link stk-block-link stk--transparent-overlay\" href=\"https:\/\/www.campingduval.com\/en\/fishing-on-foot-sea-walks\/\"><\/a><\/div>\n<\/div><\/div><\/div>\n\n\n\n<div class=\"wp-block-stackable-column stk-block-column stk-column stk-block stk-88fa4ea\" data-v=\"4\" data-block-id=\"88fa4ea\"><div class=\"stk-column-wrapper stk-block-column__content stk-container stk-88fa4ea-container stk--no-background stk--no-padding\"><div class=\"stk-block-content stk-inner-blocks stk-88fa4ea-inner-blocks\">\n<div class=\"wp-block-stackable-image-box stk-block-image-box stk-hover-parent stk-block stk-e35915c is-style-default\" data-block-id=\"e35915c\"><style>.stk-e35915c {border-top-left-radius:var(--stk--preset--border-radius--large, 16px) !important;border-top-right-radius:var(--stk--preset--border-radius--large, 16px) !important;border-bottom-right-radius:var(--stk--preset--border-radius--large, 16px) !important;border-bottom-left-radius:var(--stk--preset--border-radius--large, 16px) !important;overflow:hidden !important;}<\/style><div class=\"stk-block-content stk-inner-blocks has-text-align-center stk-row stk-block-image-box__content\">\n<div class=\"wp-block-stackable-image stk-block-image stk-block stk-917f0bd\" data-block-id=\"917f0bd\"><style>.stk-917f0bd .stk-img-wrapper{height:350px !important;}.stk-917f0bd .stk-img-wrapper::after{background-color:#111111 !important;}:where(.stk-hover-parent:hover,  .stk-hover-parent.stk--is-hovered) .stk-917f0bd .stk-img-wrapper::after{background-color:var(--stk-global-color-58153, #01acb7) !important;}<\/style><figure><span class=\"stk-img-wrapper stk-image--shape-stretch\"><img loading=\"lazy\" decoding=\"async\" class=\"stk-img wp-image-1221\" src=\"https:\/\/www.campingduval.com\/wp-content\/uploads\/2025\/12\/blackbird-assis-sur-un-baton-en-bois-dans-la-rive-a-mueang-samut-sakhon-district-thailande.jpg\" width=\"1000\" height=\"664\" alt=\"bird\" srcset=\"https:\/\/www.campingduval.com\/wp-content\/uploads\/2025\/12\/blackbird-assis-sur-un-baton-en-bois-dans-la-rive-a-mueang-samut-sakhon-district-thailande.jpg 1000w, https:\/\/www.campingduval.com\/wp-content\/uploads\/2025\/12\/blackbird-assis-sur-un-baton-en-bois-dans-la-rive-a-mueang-samut-sakhon-district-thailande-300x199.jpg 300w, https:\/\/www.campingduval.com\/wp-content\/uploads\/2025\/12\/blackbird-assis-sur-un-baton-en-bois-dans-la-rive-a-mueang-samut-sakhon-district-thailande-768x510.jpg 768w, https:\/\/www.campingduval.com\/wp-content\/uploads\/2025\/12\/blackbird-assis-sur-un-baton-en-bois-dans-la-rive-a-mueang-samut-sakhon-district-thailande-500x332.jpg 500w, https:\/\/www.campingduval.com\/wp-content\/uploads\/2025\/12\/blackbird-assis-sur-un-baton-en-bois-dans-la-rive-a-mueang-samut-sakhon-district-thailande-800x531.jpg 800w\" sizes=\"auto, (max-width: 1000px) 100vw, 1000px\" \/><\/span><\/figure><\/div>\n\n\n\n<div class=\"wp-block-stackable-column stk-block-column stk-column stk-block stk-3105d21\" data-v=\"4\" data-block-id=\"3105d21\"><style>.stk-3105d21 {align-items:center !important;display:flex !important;}<\/style><div class=\"stk-column-wrapper stk-block-column__content stk-container stk-3105d21-container stk--no-background stk--no-padding\"><div class=\"stk-block-content stk-inner-blocks stk-3105d21-inner-blocks\">\n<div class=\"wp-block-stackable-heading stk-block-heading stk-block-heading--v2 stk-block stk-a0c525f\" id=\"reserve-ornithologique-du-cap-frehel\" data-block-id=\"a0c525f\"><style>.stk-a0c525f .stk-block-heading__text{font-size:var(--stk--preset--font-size--large, 1.38rem) !important;color:#FFFFFF !important;}@media screen and (max-width: 1023px){.stk-a0c525f .stk-block-heading__text{font-size:var(--stk--preset--font-size--large, 1.38rem) !important;}}<\/style><h4 class=\"stk-block-heading__text has-text-color has-white-color\">Cap Fr\u00e9hel ornithological reserve<\/h4><\/div>\n\n\n\n<div class=\"wp-block-stackable-text stk-block-text stk-block stk-39ead46\" data-block-id=\"39ead46\"><style>.stk-39ead46 {opacity:0 !important;transform:translateY(-24px) !important;}:where(.stk-hover-parent:hover,  .stk-hover-parent.stk--is-hovered) .stk-39ead46{opacity:1 !important;transform:translateY(0px) !important;}.stk-39ead46 .stk-block-text__text{color:#FFFFFF !important;}<\/style><p class=\"stk-block-text__text has-text-color has-white-color\">Find out more<\/p><\/div>\n\n\n\n<div class=\"wp-block-stackable-icon stk-block-icon stk-block stk-efde108\" data-block-id=\"efde108\"><style>.stk-efde108 {margin-top:56px !important;opacity:0 !important;transform:translateY(24px) !important;}:where(.stk-hover-parent:hover,  .stk-hover-parent.stk--is-hovered) .stk-efde108{opacity:1 !important;transform:translateY(0px) !important;}.stk-efde108 .stk--svg-wrapper .stk--inner-svg svg:last-child, .stk-efde108 .stk--svg-wrapper .stk--inner-svg svg:last-child :is(g, path, rect, polygon, ellipse){fill:#FFFFFF !important;}<\/style><span class=\"stk--svg-wrapper\"><div class=\"stk--inner-svg\"><svg style=\"height:0;width:0\"><defs><lineargradient id=\"linear-gradient-efde108\" x1=\"0\" x2=\"100%\" y1=\"0\" y2=\"0\"><stop offset=\"0%\" style=\"stop-opacity:1;stop-color:var(--linear-gradient-efde-108-color-1)\"><\/stop><stop offset=\"100%\" style=\"stop-opacity:1;stop-color:var(--linear-gradient-efde-108-color-2)\"><\/stop><\/lineargradient><\/defs><\/svg><svg data-prefix=\"fas\" data-icon=\"arrow-right\" class=\"svg-inline--fa fa-arrow-right fa-w-14\" xmlns=\"http:\/\/www.w3.org\/2000\/svg\" viewbox=\"0 0 448 512\" aria-hidden=\"true\" width=\"32\" height=\"32\"><path fill=\"currentColor\" d=\"M190.5 66.9l22.2-22.2c9.4-9.4 24.6-9.4 33.9 0L441 239c9.4 9.4 9.4 24.6 0 33.9L246.6 467.3c-9.4 9.4-24.6 9.4-33.9 0l-22.2-22.2c-9.5-9.5-9.3-25 .4-34.3L311.4 296H24c-13.3 0-24-10.7-24-24v-32c0-13.3 10.7-24 24-24h287.4L190.9 101.2c-9.8-9.3-10-24.8-.4-34.3z\"><\/path><\/svg><\/div><\/span><\/div>\n<\/div><\/div><\/div>\n<\/div><a class=\"stk-link stk-block-link stk--transparent-overlay\" href=\"https:\/\/www.campingduval.com\/en\/cap-frehel-ornithological-reserve\/\"><\/a><\/div>\n<\/div><\/div><\/div>\n<\/div><\/div>","protected":false},"excerpt":{"rendered":"<p>Cycling and walking trails (sentier des douaniers) Find out more Baie du Mont Saint Michel Find out more Sea fishing and walks Find out more Cap Fr\u00e9hel bird sanctuary Find out more<\/p>","protected":false},"author":1,"featured_media":1246,"parent":0,"menu_order":0,"comment_status":"closed","ping_status":"closed","template":"","meta":{"_acf_changed":false,"_seopress_robots_primary_cat":"","_seopress_titles_title":"C\u00f4t\u00e9 Nature et d\u00e9couverte - Camping du Val","_seopress_titles_desc":"Randonn\u00e9es sur le GR34 (sentier des douaniers), Cap Fr\u00e9hel : le plein air au c\u0153ur de la Bretagne pr\u00e9serv\u00e9e.","_seopress_robots_index":"","_vp_format_video_url":"","_vp_image_focal_point":[],"footnotes":""},"class_list":["post-796","page","type-page","status-publish","has-post-thumbnail","hentry"],"acf":[],"_links":{"self":[{"href":"https:\/\/www.campingduval.com\/en\/wp-json\/wp\/v2\/pages\/796","targetHints":{"allow":["GET"]}}],"collection":[{"href":"https:\/\/www.campingduval.com\/en\/wp-json\/wp\/v2\/pages"}],"about":[{"href":"https:\/\/www.campingduval.com\/en\/wp-json\/wp\/v2\/types\/page"}],"author":[{"embeddable":true,"href":"https:\/\/www.campingduval.com\/en\/wp-json\/wp\/v2\/users\/1"}],"replies":[{"embeddable":true,"href":"https:\/\/www.campingduval.com\/en\/wp-json\/wp\/v2\/comments?post=796"}],"version-history":[{"count":9,"href":"https:\/\/www.campingduval.com\/en\/wp-json\/wp\/v2\/pages\/796\/revisions"}],"predecessor-version":[{"id":1411,"href":"https:\/\/www.campingduval.com\/en\/wp-json\/wp\/v2\/pages\/796\/revisions\/1411"}],"wp:featuredmedia":[{"embeddable":true,"href":"https:\/\/www.campingduval.com\/en\/wp-json\/wp\/v2\/media\/1246"}],"wp:attachment":[{"href":"https:\/\/www.campingduval.com\/en\/wp-json\/wp\/v2\/media?parent=796"}],"curies":[{"name":"wp","href":"https:\/\/api.w.org\/{rel}","templated":true}]}}