{"id":680,"date":"2025-12-09T16:07:54","date_gmt":"2025-12-09T15:07:54","guid":{"rendered":"https:\/\/www.campingduval.com\/?page_id=680"},"modified":"2026-01-05T11:37:55","modified_gmt":"2026-01-05T10:37:55","slug":"services-activities","status":"publish","type":"page","link":"https:\/\/www.campingduval.com\/en\/services-activites\/","title":{"rendered":"Services &amp; activities"},"content":{"rendered":"<div class=\"wp-block-stackable-columns alignfull stk-block-columns stk-block stk-2a0ec4d\" data-block-id=\"2a0ec4d\"><div class=\"stk-row stk-inner-blocks stk-block-content stk-content-align stk-2a0ec4d-column alignwide\">\n<div class=\"wp-block-stackable-column stk-block-column stk-column stk-block stk-bf309eb\" data-v=\"4\" data-block-id=\"bf309eb\"><div class=\"stk-column-wrapper stk-block-column__content stk-container stk-bf309eb-container stk--no-background stk--no-padding\"><div class=\"stk-block-content stk-inner-blocks stk-bf309eb-inner-blocks\">\n<div class=\"wp-block-stackable-heading stk-block-heading stk-block-heading--v2 stk-block stk-b66d1f2\" id=\"le-val-lauthenticite-bretonne-au-service-de-vos-vacances-sereines\" data-block-id=\"b66d1f2\"><style>.stk-b66d1f2 {margin-top:var(--stk--preset--spacing--50, clamp(30px, 5vw, 50px)) !important;}.stk-b66d1f2 .stk-block-heading__text{color:var(--stk-global-color-34329, #ef7b24) !important;}<\/style><h2 class=\"stk-block-heading__text has-text-color\">Comfort and entertainment at the heart of Camping du Val&nbsp;<\/h2><\/div>\n\n\n\n<div class=\"wp-block-stackable-text stk-block-text stk-block stk-532eb7d\" id=\"le-val-lauthenticite-bretonne-au-service-de-vos-vacances-sereines\" data-block-id=\"532eb7d\"><p class=\"stk-block-text__text\">The campsite offers a range of activities to keep you entertained during your stay with us:<\/p><\/div>\n<\/div><\/div><\/div>\n<\/div><\/div>\n\n\n\n<div class=\"wp-block-stackable-columns alignfull stk-block-columns stk-block stk-a501c26\" data-block-id=\"a501c26\"><div class=\"stk-row stk-inner-blocks stk-block-content stk-content-align stk-a501c26-column alignwide\">\n<div class=\"wp-block-stackable-column stk-block-column stk-column stk-block stk-466edb9\" data-v=\"4\" data-block-id=\"466edb9\"><div class=\"stk-column-wrapper stk-block-column__content stk-container stk-466edb9-container stk--no-background stk--no-padding\"><div class=\"stk-block-content stk-inner-blocks stk-466edb9-inner-blocks\">\n<div class=\"wp-block-stackable-image stk-block-image stk-block stk-66b904e\" data-block-id=\"66b904e\"><style>.stk-66b904e .stk-img-wrapper{width:100% !important;height:337px !important;}.stk-66b904e .stk-img-wrapper img{border-radius:var(--stk--preset--border-radius--x-large, 24px) !important;}<\/style><figure><span class=\"stk-img-wrapper stk-image--shape-stretch\"><img alt=\"outdoor aquatic area at camping du val\" loading=\"lazy\" decoding=\"async\" class=\"stk-img wp-image-980\" src=\"https:\/\/www.campingduval.com\/wp-content\/uploads\/2025\/12\/IMG_1886.jpg\" width=\"2016\" height=\"1512\" srcset=\"https:\/\/www.campingduval.com\/wp-content\/uploads\/2025\/12\/IMG_1886.jpg 2016w, https:\/\/www.campingduval.com\/wp-content\/uploads\/2025\/12\/IMG_1886-300x225.jpg 300w, https:\/\/www.campingduval.com\/wp-content\/uploads\/2025\/12\/IMG_1886-1024x768.jpg 1024w, https:\/\/www.campingduval.com\/wp-content\/uploads\/2025\/12\/IMG_1886-768x576.jpg 768w, https:\/\/www.campingduval.com\/wp-content\/uploads\/2025\/12\/IMG_1886-1536x1152.jpg 1536w, https:\/\/www.campingduval.com\/wp-content\/uploads\/2025\/12\/IMG_1886-500x375.jpg 500w, https:\/\/www.campingduval.com\/wp-content\/uploads\/2025\/12\/IMG_1886-800x600.jpg 800w, https:\/\/www.campingduval.com\/wp-content\/uploads\/2025\/12\/IMG_1886-1280x960.jpg 1280w, https:\/\/www.campingduval.com\/wp-content\/uploads\/2025\/12\/IMG_1886-1920x1440.jpg 1920w\" sizes=\"auto, (max-width: 2016px) 100vw, 2016px\" \/><\/span><\/figure><\/div>\n<\/div><\/div><\/div>\n\n\n\n<div class=\"wp-block-stackable-column stk-block-column stk-column stk-block stk-6ad7924\" data-v=\"4\" data-block-id=\"6ad7924\"><style>.stk-6ad7924 {align-self:center !important;}<\/style><div class=\"stk-column-wrapper stk-block-column__content stk-container stk-6ad7924-container stk--no-background stk--no-padding\"><div class=\"stk-block-content stk-inner-blocks stk-6ad7924-inner-blocks\">\n<div class=\"wp-block-stackable-heading stk-block-heading stk-block-heading--v2 stk-block stk-7f9a127\" id=\"convivialite-famille-et-serenite\" data-block-id=\"7f9a127\"><style>.stk-7f9a127 .stk-block-heading__text{color:var(--stk-global-color-58153, #01acb7) !important;}<\/style><h3 class=\"stk-block-heading__text has-text-color\">Heated and covered swimming pool<\/h3><\/div>\n\n\n\n<div class=\"wp-block-stackable-text stk-block-text stk-block stk-a186174\" id=\"convivialite-famille-et-serenite\" data-block-id=\"a186174\"><style>.stk-a186174 {margin-bottom:10px !important;}<\/style><p class=\"stk-block-text__text translation-block\">The <strong><a href=\"https:\/\/www.campingduval.com\/en\/the-pool\/\" data-type=\"page\" data-id=\"1496\" target=\"_self\">outdoor swimming pool<\/a> at the <strong>camping site<\/strong> is open from 10am to 8pm in July and August.<\/p><\/div>\n\n\n\n<div class=\"wp-block-stackable-text stk-block-text stk-block stk-e2489dc\" data-block-id=\"e2489dc\"><style>.stk-e2489dc {margin-bottom:10px !important;}<\/style><p class=\"stk-block-text__text\">The indoor swimming pool is open every day of the season.<\/p><\/div>\n\n\n\n<div class=\"wp-block-stackable-text stk-block-text stk-block stk-64423bf\" data-block-id=\"64423bf\"><p class=\"stk-block-text__text\">You can also enjoy the Aquafun every Tuesday and Friday from 11am to 11.30am in high season, as well as an inflatable water slide.<\/p><\/div>\n<\/div><\/div><\/div>\n<\/div><\/div>\n\n\n\n<div class=\"wp-block-stackable-columns alignfull stk-block-columns stk-block stk-504d016\" data-block-id=\"504d016\"><div class=\"stk-row stk-inner-blocks stk-block-content stk-content-align stk-504d016-column alignwide\">\n<div class=\"wp-block-stackable-column stk-block-column stk-column stk-block stk-385d607\" data-v=\"4\" data-block-id=\"385d607\"><style>.stk-385d607 {align-self:center !important;}<\/style><div class=\"stk-column-wrapper stk-block-column__content stk-container stk-385d607-container stk--no-background stk--no-padding\"><div class=\"stk-block-content stk-inner-blocks stk-385d607-inner-blocks\">\n<div class=\"wp-block-stackable-heading stk-block-heading stk-block-heading--v2 stk-block stk-721f544\" id=\"convivialite-famille-et-serenite\" data-block-id=\"721f544\"><style>.stk-721f544 .stk-block-heading__text{color:var(--stk-global-color-58153, #01acb7) !important;}<\/style><h3 class=\"stk-block-heading__text has-text-color\">Le Snack<\/h3><\/div>\n\n\n\n<div class=\"wp-block-stackable-text stk-block-text stk-block stk-8a4781c\" id=\"convivialite-famille-et-serenite\" data-block-id=\"8a4781c\"><p class=\"stk-block-text__text\">The snack bar offers fast food (paninis, burgers, nuggets, chips, etc) to eat in or take away at lunchtime from 11.30am to 2pm and in the evening from 6.30pm to 9pm in high season.<\/p><\/div>\n<\/div><\/div><\/div>\n\n\n\n<div class=\"wp-block-stackable-column stk-block-column stk-column stk-block stk-afcfedf\" data-v=\"4\" data-block-id=\"afcfedf\"><div class=\"stk-column-wrapper stk-block-column__content stk-container stk-afcfedf-container stk--no-background stk--no-padding\"><div class=\"stk-block-content stk-inner-blocks stk-afcfedf-inner-blocks\">\n<div class=\"wp-block-stackable-image stk-block-image stk-block stk-c408515\" data-block-id=\"c408515\"><style>.stk-c408515 .stk-img-wrapper{width:100% !important;height:210px !important;}.stk-c408515 .stk-img-wrapper img{border-radius:var(--stk--preset--border-radius--x-large, 24px) !important;}<\/style><figure><span class=\"stk-img-wrapper stk-image--shape-stretch\"><img alt=\"Campsite snack bar with outdoor terrace in Brittany\" loading=\"lazy\" decoding=\"async\" class=\"stk-img wp-image-934\" src=\"https:\/\/www.campingduval.com\/wp-content\/uploads\/2025\/12\/IMG_4884-2.jpg\" width=\"1920\" height=\"1080\" srcset=\"https:\/\/www.campingduval.com\/wp-content\/uploads\/2025\/12\/IMG_4884-2.jpg 1920w, https:\/\/www.campingduval.com\/wp-content\/uploads\/2025\/12\/IMG_4884-2-300x169.jpg 300w, https:\/\/www.campingduval.com\/wp-content\/uploads\/2025\/12\/IMG_4884-2-1024x576.jpg 1024w, https:\/\/www.campingduval.com\/wp-content\/uploads\/2025\/12\/IMG_4884-2-768x432.jpg 768w, https:\/\/www.campingduval.com\/wp-content\/uploads\/2025\/12\/IMG_4884-2-1536x864.jpg 1536w, https:\/\/www.campingduval.com\/wp-content\/uploads\/2025\/12\/IMG_4884-2-500x281.jpg 500w, https:\/\/www.campingduval.com\/wp-content\/uploads\/2025\/12\/IMG_4884-2-800x450.jpg 800w, https:\/\/www.campingduval.com\/wp-content\/uploads\/2025\/12\/IMG_4884-2-1280x720.jpg 1280w\" sizes=\"auto, (max-width: 1920px) 100vw, 1920px\" \/><\/span><\/figure><\/div>\n<\/div><\/div><\/div>\n<\/div><\/div>\n\n\n\n<div class=\"wp-block-stackable-columns alignfull stk-block-columns stk-block stk-5b06198\" data-block-id=\"5b06198\"><div class=\"stk-row stk-inner-blocks stk-block-content stk-content-align stk-5b06198-column alignwide\">\n<div class=\"wp-block-stackable-column stk-block-column stk-column stk-block stk-a24d2e8\" data-v=\"4\" data-block-id=\"a24d2e8\"><div class=\"stk-column-wrapper stk-block-column__content stk-container stk-a24d2e8-container stk--no-background stk--no-padding\"><div class=\"stk-block-content stk-inner-blocks stk-a24d2e8-inner-blocks\">\n<div class=\"wp-block-stackable-image stk-block-image stk-block stk-aac08f6\" data-block-id=\"aac08f6\"><style>.stk-aac08f6 .stk-img-wrapper{width:100% !important;height:337px !important;}.stk-aac08f6 .stk-img-wrapper img{border-radius:var(--stk--preset--border-radius--x-large, 24px) !important;}<\/style><figure><span class=\"stk-img-wrapper stk-image--shape-stretch\"><img alt=\"Themed meal, view inside the restaurant\" loading=\"lazy\" decoding=\"async\" class=\"stk-img wp-image-946\" src=\"https:\/\/www.campingduval.com\/wp-content\/uploads\/2025\/12\/repas-a-theme-2.jpg\" width=\"960\" height=\"720\" srcset=\"https:\/\/www.campingduval.com\/wp-content\/uploads\/2025\/12\/repas-a-theme-2.jpg 960w, https:\/\/www.campingduval.com\/wp-content\/uploads\/2025\/12\/repas-a-theme-2-300x225.jpg 300w, https:\/\/www.campingduval.com\/wp-content\/uploads\/2025\/12\/repas-a-theme-2-768x576.jpg 768w, https:\/\/www.campingduval.com\/wp-content\/uploads\/2025\/12\/repas-a-theme-2-500x375.jpg 500w, https:\/\/www.campingduval.com\/wp-content\/uploads\/2025\/12\/repas-a-theme-2-800x600.jpg 800w\" sizes=\"auto, (max-width: 960px) 100vw, 960px\" \/><\/span><\/figure><\/div>\n<\/div><\/div><\/div>\n\n\n\n<div class=\"wp-block-stackable-column stk-block-column stk-column stk-block stk-3f1a5c5\" data-v=\"4\" data-block-id=\"3f1a5c5\"><style>.stk-3f1a5c5 {align-self:center !important;}<\/style><div class=\"stk-column-wrapper stk-block-column__content stk-container stk-3f1a5c5-container stk--no-background stk--no-padding\"><div class=\"stk-block-content stk-inner-blocks stk-3f1a5c5-inner-blocks\">\n<div class=\"wp-block-stackable-heading stk-block-heading stk-block-heading--v2 stk-block stk-a3525be\" id=\"convivialite-famille-et-serenite\" data-block-id=\"a3525be\"><style>.stk-a3525be .stk-block-heading__text{color:var(--stk-global-color-58153, #01acb7) !important;}<\/style><h3 class=\"stk-block-heading__text has-text-color\">Le Bar<\/h3><\/div>\n\n\n\n<div class=\"wp-block-stackable-text stk-block-text stk-block stk-8ecc541\" id=\"convivialite-famille-et-serenite\" data-block-id=\"8ecc541\"><p class=\"stk-block-text__text\">The bar is the centre and meeting point of our campsite; you can enjoy a cocktail on the terrace by the pool, enjoy an ice cream or have an aperitif with your new friends!<\/p><\/div>\n\n\n\n<div class=\"wp-block-stackable-text stk-block-text stk-block stk-6b25263\" data-block-id=\"6b25263\"><p class=\"stk-block-text__text\">Themed evening meals (galette-saucisse, rougail, mussels and chips, etc.) will be organised by the campsite team, along with a small fest-noz with a traditional Breton dance group.&nbsp;<\/p><\/div>\n<\/div><\/div><\/div>\n<\/div><\/div>\n\n\n\n<div class=\"wp-block-stackable-columns alignfull stk-block-columns stk-block stk-3efa527\" data-block-id=\"3efa527\"><style>.stk-3efa527 {margin-bottom:var(--stk--preset--spacing--50, clamp(30px, 5vw, 50px)) !important;}<\/style><div class=\"stk-row stk-inner-blocks stk-block-content stk-content-align stk-3efa527-column alignwide\">\n<div class=\"wp-block-stackable-column stk-block-column stk-column stk-block stk-ce74026\" data-v=\"4\" data-block-id=\"ce74026\"><style>.stk-ce74026 {align-self:center !important;}<\/style><div class=\"stk-column-wrapper stk-block-column__content stk-container stk-ce74026-container stk--no-background stk--no-padding\"><div class=\"stk-block-content stk-inner-blocks stk-ce74026-inner-blocks\">\n<div class=\"wp-block-stackable-heading stk-block-heading stk-block-heading--v2 stk-block stk-75568ee\" id=\"convivialite-famille-et-serenite\" data-block-id=\"75568ee\"><style>.stk-75568ee .stk-block-heading__text{color:var(--stk-global-color-58153, #01acb7) !important;}<\/style><h3 class=\"stk-block-heading__text has-text-color\">The play area<\/h3><\/div>\n\n\n\n<div class=\"wp-block-stackable-text stk-block-text stk-block stk-45b139e\" id=\"convivialite-famille-et-serenite\" data-block-id=\"45b139e\"><p class=\"stk-block-text__text\">Your children will have a great time in the safe and friendly play area, while you can enjoy a game of p\u00e9tanque or table tennis nearby. That's what holidays are all about!<\/p><\/div>\n<\/div><\/div><\/div>\n\n\n\n<div class=\"wp-block-stackable-column stk-block-column stk-column stk-block stk-0a9dd38\" data-v=\"4\" data-block-id=\"0a9dd38\"><div class=\"stk-column-wrapper stk-block-column__content stk-container stk-0a9dd38-container stk--no-background stk--no-padding\"><div class=\"stk-block-content stk-inner-blocks stk-0a9dd38-inner-blocks\">\n<div class=\"wp-block-stackable-image stk-block-image stk-block stk-b085c1e\" data-block-id=\"b085c1e\"><style>.stk-b085c1e .stk-img-wrapper{width:100% !important;height:210px !important;}.stk-b085c1e .stk-img-wrapper img{border-radius:var(--stk--preset--border-radius--x-large, 24px) !important;}<\/style><figure><span class=\"stk-img-wrapper stk-image--shape-stretch\"><img alt=\"hard play area for children close to the rental pitches\" loading=\"lazy\" decoding=\"async\" class=\"stk-img wp-image-959\" src=\"https:\/\/www.campingduval.com\/wp-content\/uploads\/2025\/12\/P1110295.jpg\" width=\"1200\" height=\"900\" srcset=\"https:\/\/www.campingduval.com\/wp-content\/uploads\/2025\/12\/P1110295.jpg 1200w, https:\/\/www.campingduval.com\/wp-content\/uploads\/2025\/12\/P1110295-300x225.jpg 300w, https:\/\/www.campingduval.com\/wp-content\/uploads\/2025\/12\/P1110295-1024x768.jpg 1024w, https:\/\/www.campingduval.com\/wp-content\/uploads\/2025\/12\/P1110295-768x576.jpg 768w, https:\/\/www.campingduval.com\/wp-content\/uploads\/2025\/12\/P1110295-500x375.jpg 500w, https:\/\/www.campingduval.com\/wp-content\/uploads\/2025\/12\/P1110295-800x600.jpg 800w\" sizes=\"auto, (max-width: 1200px) 100vw, 1200px\" \/><\/span><\/figure><\/div>\n<\/div><\/div><\/div>\n<\/div><\/div>","protected":false},"excerpt":{"rendered":"<p>Le confort et le divertissement au c\u0153ur du Camping du Val&nbsp; Le camping vous propose de profiter des diff\u00e9rentes activit\u00e9s mises \u00e0 votre disposition afin de pouvoir vous distraire pendant votre s\u00e9jour parmi nous&nbsp;: La Piscine chauff\u00e9e et couverte La piscine ext\u00e9rieur du camping est ouverte de 10 h \u00e0 20h\u00a0 en juillet et ao\u00fbt. [&hellip;]<\/p>\n","protected":false},"author":1,"featured_media":1008,"parent":0,"menu_order":0,"comment_status":"closed","ping_status":"closed","template":"","meta":{"_acf_changed":false,"_seopress_robots_primary_cat":"","_seopress_titles_title":"Services et activit\u00e9s - Camping du Val","_seopress_titles_desc":"Le camping vous propose de profiter des diff\u00e9rentes activit\u00e9s mises \u00e0 votre disposition afin de pouvoir vous distraire pendant votre s\u00e9jour parmi nous.","_seopress_robots_index":"","_vp_format_video_url":"","_vp_image_focal_point":[],"footnotes":""},"class_list":["post-680","page","type-page","status-publish","has-post-thumbnail","hentry"],"acf":[],"_links":{"self":[{"href":"https:\/\/www.campingduval.com\/en\/wp-json\/wp\/v2\/pages\/680","targetHints":{"allow":["GET"]}}],"collection":[{"href":"https:\/\/www.campingduval.com\/en\/wp-json\/wp\/v2\/pages"}],"about":[{"href":"https:\/\/www.campingduval.com\/en\/wp-json\/wp\/v2\/types\/page"}],"author":[{"embeddable":true,"href":"https:\/\/www.campingduval.com\/en\/wp-json\/wp\/v2\/users\/1"}],"replies":[{"embeddable":true,"href":"https:\/\/www.campingduval.com\/en\/wp-json\/wp\/v2\/comments?post=680"}],"version-history":[{"count":12,"href":"https:\/\/www.campingduval.com\/en\/wp-json\/wp\/v2\/pages\/680\/revisions"}],"predecessor-version":[{"id":1501,"href":"https:\/\/www.campingduval.com\/en\/wp-json\/wp\/v2\/pages\/680\/revisions\/1501"}],"wp:featuredmedia":[{"embeddable":true,"href":"https:\/\/www.campingduval.com\/en\/wp-json\/wp\/v2\/media\/1008"}],"wp:attachment":[{"href":"https:\/\/www.campingduval.com\/en\/wp-json\/wp\/v2\/media?parent=680"}],"curies":[{"name":"wp","href":"https:\/\/api.w.org\/{rel}","templated":true}]}}