{"id":5112,"date":"2026-01-15T15:37:32","date_gmt":"2026-01-15T14:37:32","guid":{"rendered":"https:\/\/www.campingduval.com\/?page_id=5112"},"modified":"2026-01-15T15:40:40","modified_gmt":"2026-01-15T14:40:40","slug":"photo-and-video-gallery","status":"publish","type":"page","link":"https:\/\/www.campingduval.com\/en\/galerie-photos-et-videos\/","title":{"rendered":"Photo and video gallery"},"content":{"rendered":"<div class=\"wp-block-stackable-columns alignfull stk-block-columns stk-block stk-0b984cf\" data-block-id=\"0b984cf\"><div class=\"stk-row stk-inner-blocks stk-block-content stk-content-align stk-0b984cf-column alignwide\">\n<div class=\"wp-block-stackable-column stk-block-column stk-column stk-block stk-98bd1d8\" data-v=\"4\" data-block-id=\"98bd1d8\"><div class=\"stk-column-wrapper stk-block-column__content stk-container stk-98bd1d8-container stk--no-background stk--no-padding\"><div class=\"stk-block-content stk-inner-blocks stk-98bd1d8-inner-blocks\">\n<figure class=\"wp-block-embed is-type-video is-provider-youtube wp-block-embed-youtube wp-embed-aspect-16-9 wp-has-aspect-ratio\" style=\"margin-top:var(--wp--preset--spacing--40);margin-right:var(--wp--preset--spacing--80);margin-bottom:var(--wp--preset--spacing--40);margin-left:var(--wp--preset--spacing--80)\"><div class=\"wp-block-embed__wrapper\">\n<iframe loading=\"lazy\" title=\"Presentation Camping du Val *** - Erquy\" width=\"500\" height=\"281\" src=\"https:\/\/www.youtube.com\/embed\/1OBnt1nZIVU?feature=oembed\" frameborder=\"0\" allow=\"accelerometer; autoplay; clipboard-write; encrypted-media; gyroscope; picture-in-picture; web-share\" referrerpolicy=\"strict-origin-when-cross-origin\" allowfullscreen><\/iframe>\n<\/div><\/figure>\n\n\n\n<figure class=\"wp-block-gallery has-nested-images columns-default is-cropped wp-block-gallery-1 is-layout-flex wp-block-gallery-is-layout-flex\" data-block-type=\"core\">\n<figure class=\"wp-block-image size-large\" data-block-type=\"core\"><img alt=\"Pitches and mobile homes for hire in Erquy\" loading=\"lazy\" decoding=\"async\" width=\"1024\" height=\"576\" data-id=\"935\" src=\"https:\/\/www.campingduval.com\/wp-content\/uploads\/2025\/12\/IMG_6766-1024x576.jpg\" class=\"wp-image-935\" srcset=\"https:\/\/www.campingduval.com\/wp-content\/uploads\/2025\/12\/IMG_6766-1024x576.jpg 1024w, https:\/\/www.campingduval.com\/wp-content\/uploads\/2025\/12\/IMG_6766-300x169.jpg 300w, https:\/\/www.campingduval.com\/wp-content\/uploads\/2025\/12\/IMG_6766-768x432.jpg 768w, https:\/\/www.campingduval.com\/wp-content\/uploads\/2025\/12\/IMG_6766-1536x864.jpg 1536w, https:\/\/www.campingduval.com\/wp-content\/uploads\/2025\/12\/IMG_6766-500x281.jpg 500w, https:\/\/www.campingduval.com\/wp-content\/uploads\/2025\/12\/IMG_6766-800x450.jpg 800w, https:\/\/www.campingduval.com\/wp-content\/uploads\/2025\/12\/IMG_6766-1280x720.jpg 1280w, https:\/\/www.campingduval.com\/wp-content\/uploads\/2025\/12\/IMG_6766.jpg 1920w\" sizes=\"auto, (max-width: 1024px) 100vw, 1024px\" \/><\/figure>\n\n\n\n<figure class=\"wp-block-image size-large\" data-block-type=\"core\"><img alt=\"Our campsites, mobile homes\" loading=\"lazy\" decoding=\"async\" width=\"1024\" height=\"768\" data-id=\"937\" src=\"https:\/\/www.campingduval.com\/wp-content\/uploads\/2025\/12\/IMG_6778-1024x768.jpeg\" class=\"wp-image-937\" srcset=\"https:\/\/www.campingduval.com\/wp-content\/uploads\/2025\/12\/IMG_6778-1024x768.jpeg 1024w, https:\/\/www.campingduval.com\/wp-content\/uploads\/2025\/12\/IMG_6778-300x225.jpeg 300w, https:\/\/www.campingduval.com\/wp-content\/uploads\/2025\/12\/IMG_6778-768x576.jpeg 768w, https:\/\/www.campingduval.com\/wp-content\/uploads\/2025\/12\/IMG_6778-1536x1152.jpeg 1536w, https:\/\/www.campingduval.com\/wp-content\/uploads\/2025\/12\/IMG_6778-2048x1536.jpeg 2048w, https:\/\/www.campingduval.com\/wp-content\/uploads\/2025\/12\/IMG_6778-500x375.jpeg 500w, https:\/\/www.campingduval.com\/wp-content\/uploads\/2025\/12\/IMG_6778-800x600.jpeg 800w, https:\/\/www.campingduval.com\/wp-content\/uploads\/2025\/12\/IMG_6778-1280x960.jpeg 1280w, https:\/\/www.campingduval.com\/wp-content\/uploads\/2025\/12\/IMG_6778-1920x1440.jpeg 1920w\" sizes=\"auto, (max-width: 1024px) 100vw, 1024px\" \/><\/figure>\n\n\n\n<figure class=\"wp-block-image size-large\" data-block-type=\"core\"><img alt=\"heated outdoor swimming pool\" loading=\"lazy\" decoding=\"async\" width=\"1024\" height=\"768\" data-id=\"944\" src=\"https:\/\/www.campingduval.com\/wp-content\/uploads\/2025\/12\/IMG_4877-1024x768.jpeg\" class=\"wp-image-944\" srcset=\"https:\/\/www.campingduval.com\/wp-content\/uploads\/2025\/12\/IMG_4877-1024x768.jpeg 1024w, https:\/\/www.campingduval.com\/wp-content\/uploads\/2025\/12\/IMG_4877-300x225.jpeg 300w, https:\/\/www.campingduval.com\/wp-content\/uploads\/2025\/12\/IMG_4877-768x576.jpeg 768w, https:\/\/www.campingduval.com\/wp-content\/uploads\/2025\/12\/IMG_4877-1536x1152.jpeg 1536w, https:\/\/www.campingduval.com\/wp-content\/uploads\/2025\/12\/IMG_4877-2048x1536.jpeg 2048w, https:\/\/www.campingduval.com\/wp-content\/uploads\/2025\/12\/IMG_4877-500x375.jpeg 500w, https:\/\/www.campingduval.com\/wp-content\/uploads\/2025\/12\/IMG_4877-800x600.jpeg 800w, https:\/\/www.campingduval.com\/wp-content\/uploads\/2025\/12\/IMG_4877-1280x960.jpeg 1280w, https:\/\/www.campingduval.com\/wp-content\/uploads\/2025\/12\/IMG_4877-1920x1440.jpeg 1920w\" sizes=\"auto, (max-width: 1024px) 100vw, 1024px\" \/><\/figure>\n\n\n\n<figure class=\"wp-block-image size-large\" data-block-type=\"core\"><img alt=\"aquagym classes given by the campsite staff\" loading=\"lazy\" decoding=\"async\" width=\"1024\" height=\"576\" data-id=\"947\" src=\"https:\/\/www.campingduval.com\/wp-content\/uploads\/2025\/12\/aquagym-1024x576.jpg\" class=\"wp-image-947\" srcset=\"https:\/\/www.campingduval.com\/wp-content\/uploads\/2025\/12\/aquagym-1024x576.jpg 1024w, https:\/\/www.campingduval.com\/wp-content\/uploads\/2025\/12\/aquagym-300x169.jpg 300w, https:\/\/www.campingduval.com\/wp-content\/uploads\/2025\/12\/aquagym-768x432.jpg 768w, https:\/\/www.campingduval.com\/wp-content\/uploads\/2025\/12\/aquagym-1536x864.jpg 1536w, https:\/\/www.campingduval.com\/wp-content\/uploads\/2025\/12\/aquagym-2048x1152.jpg 2048w, https:\/\/www.campingduval.com\/wp-content\/uploads\/2025\/12\/aquagym-500x281.jpg 500w, https:\/\/www.campingduval.com\/wp-content\/uploads\/2025\/12\/aquagym-800x450.jpg 800w, https:\/\/www.campingduval.com\/wp-content\/uploads\/2025\/12\/aquagym-1280x720.jpg 1280w, https:\/\/www.campingduval.com\/wp-content\/uploads\/2025\/12\/aquagym-1920x1080.jpg 1920w\" sizes=\"auto, (max-width: 1024px) 100vw, 1024px\" \/><\/figure>\n\n\n\n<figure class=\"wp-block-image size-large\" data-block-type=\"core\"><img alt=\"covered campsite swimming pool with indoor and outdoor deckchairs\" loading=\"lazy\" decoding=\"async\" width=\"1024\" height=\"768\" data-id=\"952\" src=\"https:\/\/www.campingduval.com\/wp-content\/uploads\/2025\/12\/IMG_1303-1024x768.jpg\" class=\"wp-image-952\" srcset=\"https:\/\/www.campingduval.com\/wp-content\/uploads\/2025\/12\/IMG_1303-1024x768.jpg 1024w, https:\/\/www.campingduval.com\/wp-content\/uploads\/2025\/12\/IMG_1303-300x225.jpg 300w, https:\/\/www.campingduval.com\/wp-content\/uploads\/2025\/12\/IMG_1303-768x576.jpg 768w, https:\/\/www.campingduval.com\/wp-content\/uploads\/2025\/12\/IMG_1303-500x375.jpg 500w, https:\/\/www.campingduval.com\/wp-content\/uploads\/2025\/12\/IMG_1303-800x600.jpg 800w, https:\/\/www.campingduval.com\/wp-content\/uploads\/2025\/12\/IMG_1303.jpg 1210w\" sizes=\"auto, (max-width: 1024px) 100vw, 1024px\" \/><\/figure>\n\n\n\n<figure class=\"wp-block-image size-large\" data-block-type=\"core\"><img alt=\"snack bar terrace, night event\" loading=\"lazy\" decoding=\"async\" width=\"1024\" height=\"768\" data-id=\"941\" src=\"https:\/\/www.campingduval.com\/wp-content\/uploads\/2025\/12\/piscine-terrasse-nuit-1024x768.jpg\" class=\"wp-image-941\" srcset=\"https:\/\/www.campingduval.com\/wp-content\/uploads\/2025\/12\/piscine-terrasse-nuit-1024x768.jpg 1024w, https:\/\/www.campingduval.com\/wp-content\/uploads\/2025\/12\/piscine-terrasse-nuit-300x225.jpg 300w, https:\/\/www.campingduval.com\/wp-content\/uploads\/2025\/12\/piscine-terrasse-nuit-768x576.jpg 768w, https:\/\/www.campingduval.com\/wp-content\/uploads\/2025\/12\/piscine-terrasse-nuit-500x375.jpg 500w, https:\/\/www.campingduval.com\/wp-content\/uploads\/2025\/12\/piscine-terrasse-nuit-800x600.jpg 800w, https:\/\/www.campingduval.com\/wp-content\/uploads\/2025\/12\/piscine-terrasse-nuit-1280x960.jpg 1280w, https:\/\/www.campingduval.com\/wp-content\/uploads\/2025\/12\/piscine-terrasse-nuit.jpg 1512w\" sizes=\"auto, (max-width: 1024px) 100vw, 1024px\" \/><\/figure>\n\n\n\n<figure class=\"wp-block-image size-large\" data-block-type=\"core\"><img alt=\"heated swimming pool at the Val campsite in Erquy\" loading=\"lazy\" decoding=\"async\" width=\"1024\" height=\"768\" data-id=\"954\" src=\"https:\/\/www.campingduval.com\/wp-content\/uploads\/2025\/12\/IMG_1858-1024x768.jpg\" class=\"wp-image-954\" srcset=\"https:\/\/www.campingduval.com\/wp-content\/uploads\/2025\/12\/IMG_1858-1024x768.jpg 1024w, https:\/\/www.campingduval.com\/wp-content\/uploads\/2025\/12\/IMG_1858-300x225.jpg 300w, https:\/\/www.campingduval.com\/wp-content\/uploads\/2025\/12\/IMG_1858-768x576.jpg 768w, https:\/\/www.campingduval.com\/wp-content\/uploads\/2025\/12\/IMG_1858-500x375.jpg 500w, https:\/\/www.campingduval.com\/wp-content\/uploads\/2025\/12\/IMG_1858-800x600.jpg 800w, https:\/\/www.campingduval.com\/wp-content\/uploads\/2025\/12\/IMG_1858.jpg 1210w\" sizes=\"auto, (max-width: 1024px) 100vw, 1024px\" \/><\/figure>\n\n\n\n<figure class=\"wp-block-image size-large\" data-block-type=\"core\"><img alt=\"koh lanta entertainment for children with the club\" loading=\"lazy\" decoding=\"async\" width=\"1024\" height=\"814\" data-id=\"986\" src=\"https:\/\/www.campingduval.com\/wp-content\/uploads\/2025\/12\/koh-lanta-1-1-1024x814.jpg\" class=\"wp-image-986\" srcset=\"https:\/\/www.campingduval.com\/wp-content\/uploads\/2025\/12\/koh-lanta-1-1-1024x814.jpg 1024w, https:\/\/www.campingduval.com\/wp-content\/uploads\/2025\/12\/koh-lanta-1-1-300x239.jpg 300w, https:\/\/www.campingduval.com\/wp-content\/uploads\/2025\/12\/koh-lanta-1-1-768x611.jpg 768w, https:\/\/www.campingduval.com\/wp-content\/uploads\/2025\/12\/koh-lanta-1-1-500x398.jpg 500w, https:\/\/www.campingduval.com\/wp-content\/uploads\/2025\/12\/koh-lanta-1-1-800x636.jpg 800w, https:\/\/www.campingduval.com\/wp-content\/uploads\/2025\/12\/koh-lanta-1-1.jpg 1128w\" sizes=\"auto, (max-width: 1024px) 100vw, 1024px\" \/><\/figure>\n\n\n\n<figure class=\"wp-block-image size-large\" data-block-type=\"core\"><img alt=\"Terrace of the campsite snack bar\" loading=\"lazy\" decoding=\"async\" width=\"1024\" height=\"576\" data-id=\"963\" src=\"https:\/\/www.campingduval.com\/wp-content\/uploads\/2025\/12\/terrasse-bar-1024x576.jpg\" class=\"wp-image-963\" srcset=\"https:\/\/www.campingduval.com\/wp-content\/uploads\/2025\/12\/terrasse-bar-1024x576.jpg 1024w, https:\/\/www.campingduval.com\/wp-content\/uploads\/2025\/12\/terrasse-bar-300x169.jpg 300w, https:\/\/www.campingduval.com\/wp-content\/uploads\/2025\/12\/terrasse-bar-768x432.jpg 768w, https:\/\/www.campingduval.com\/wp-content\/uploads\/2025\/12\/terrasse-bar-1536x864.jpg 1536w, https:\/\/www.campingduval.com\/wp-content\/uploads\/2025\/12\/terrasse-bar-500x281.jpg 500w, https:\/\/www.campingduval.com\/wp-content\/uploads\/2025\/12\/terrasse-bar-800x450.jpg 800w, https:\/\/www.campingduval.com\/wp-content\/uploads\/2025\/12\/terrasse-bar-1280x720.jpg 1280w, https:\/\/www.campingduval.com\/wp-content\/uploads\/2025\/12\/terrasse-bar.jpg 1920w\" sizes=\"auto, (max-width: 1024px) 100vw, 1024px\" \/><\/figure>\n\n\n\n<figure class=\"wp-block-image size-large\" data-block-type=\"core\"><img alt=\"live band at the campsite snack bar\" loading=\"lazy\" decoding=\"async\" width=\"1024\" height=\"768\" data-id=\"974\" src=\"https:\/\/www.campingduval.com\/wp-content\/uploads\/2025\/12\/groupe-musique-1024x768.jpg\" class=\"wp-image-974\" srcset=\"https:\/\/www.campingduval.com\/wp-content\/uploads\/2025\/12\/groupe-musique-1024x768.jpg 1024w, https:\/\/www.campingduval.com\/wp-content\/uploads\/2025\/12\/groupe-musique-300x225.jpg 300w, https:\/\/www.campingduval.com\/wp-content\/uploads\/2025\/12\/groupe-musique-768x576.jpg 768w, https:\/\/www.campingduval.com\/wp-content\/uploads\/2025\/12\/groupe-musique-500x375.jpg 500w, https:\/\/www.campingduval.com\/wp-content\/uploads\/2025\/12\/groupe-musique-800x600.jpg 800w, https:\/\/www.campingduval.com\/wp-content\/uploads\/2025\/12\/groupe-musique.jpg 1210w\" sizes=\"auto, (max-width: 1024px) 100vw, 1024px\" \/><\/figure>\n\n\n\n<figure class=\"wp-block-image size-large\" data-block-type=\"core\"><img alt=\"terrasse de mobil home en location camping du val\" loading=\"lazy\" decoding=\"async\" width=\"1024\" height=\"768\" data-id=\"984\" src=\"https:\/\/www.campingduval.com\/wp-content\/uploads\/2025\/12\/IMG_6803-1024x768.jpg\" class=\"wp-image-984\" srcset=\"https:\/\/www.campingduval.com\/wp-content\/uploads\/2025\/12\/IMG_6803-1024x768.jpg 1024w, https:\/\/www.campingduval.com\/wp-content\/uploads\/2025\/12\/IMG_6803-300x225.jpg 300w, https:\/\/www.campingduval.com\/wp-content\/uploads\/2025\/12\/IMG_6803-768x576.jpg 768w, https:\/\/www.campingduval.com\/wp-content\/uploads\/2025\/12\/IMG_6803-1536x1152.jpg 1536w, https:\/\/www.campingduval.com\/wp-content\/uploads\/2025\/12\/IMG_6803-500x375.jpg 500w, https:\/\/www.campingduval.com\/wp-content\/uploads\/2025\/12\/IMG_6803-800x600.jpg 800w, https:\/\/www.campingduval.com\/wp-content\/uploads\/2025\/12\/IMG_6803-1280x960.jpg 1280w, https:\/\/www.campingduval.com\/wp-content\/uploads\/2025\/12\/IMG_6803-1920x1440.jpg 1920w, https:\/\/www.campingduval.com\/wp-content\/uploads\/2025\/12\/IMG_6803.jpg 2000w\" sizes=\"auto, (max-width: 1024px) 100vw, 1024px\" \/><\/figure>\n\n\n\n<figure class=\"wp-block-image size-large\" data-block-type=\"core\"><img loading=\"lazy\" decoding=\"async\" width=\"1024\" height=\"768\" data-id=\"1064\" src=\"https:\/\/www.campingduval.com\/wp-content\/uploads\/2025\/12\/IMG_0789-1024x768.jpg\" alt=\"Mobilhome o&#039;hara, camping du val ext\u00e9rieurs\" class=\"wp-image-1064\" srcset=\"https:\/\/www.campingduval.com\/wp-content\/uploads\/2025\/12\/IMG_0789-1024x768.jpg 1024w, https:\/\/www.campingduval.com\/wp-content\/uploads\/2025\/12\/IMG_0789-300x225.jpg 300w, https:\/\/www.campingduval.com\/wp-content\/uploads\/2025\/12\/IMG_0789-768x576.jpg 768w, https:\/\/www.campingduval.com\/wp-content\/uploads\/2025\/12\/IMG_0789-1536x1152.jpg 1536w, https:\/\/www.campingduval.com\/wp-content\/uploads\/2025\/12\/IMG_0789-2048x1536.jpg 2048w, https:\/\/www.campingduval.com\/wp-content\/uploads\/2025\/12\/IMG_0789-500x375.jpg 500w, https:\/\/www.campingduval.com\/wp-content\/uploads\/2025\/12\/IMG_0789-800x600.jpg 800w, https:\/\/www.campingduval.com\/wp-content\/uploads\/2025\/12\/IMG_0789-1280x960.jpg 1280w, https:\/\/www.campingduval.com\/wp-content\/uploads\/2025\/12\/IMG_0789-1920x1440.jpg 1920w\" sizes=\"auto, (max-width: 1024px) 100vw, 1024px\" \/><\/figure>\n\n\n\n<figure class=\"wp-block-image size-large\" data-block-type=\"core\"><img loading=\"lazy\" decoding=\"async\" width=\"1024\" height=\"768\" data-id=\"1136\" src=\"https:\/\/www.campingduval.com\/wp-content\/uploads\/2025\/12\/sejour-2-1-1024x768.jpg\" alt=\"House Swap Erquy\" class=\"wp-image-1136\" srcset=\"https:\/\/www.campingduval.com\/wp-content\/uploads\/2025\/12\/sejour-2-1-1024x768.jpg 1024w, https:\/\/www.campingduval.com\/wp-content\/uploads\/2025\/12\/sejour-2-1-300x225.jpg 300w, https:\/\/www.campingduval.com\/wp-content\/uploads\/2025\/12\/sejour-2-1-768x576.jpg 768w, https:\/\/www.campingduval.com\/wp-content\/uploads\/2025\/12\/sejour-2-1-1536x1152.jpg 1536w, https:\/\/www.campingduval.com\/wp-content\/uploads\/2025\/12\/sejour-2-1-2048x1536.jpg 2048w, https:\/\/www.campingduval.com\/wp-content\/uploads\/2025\/12\/sejour-2-1-500x375.jpg 500w, https:\/\/www.campingduval.com\/wp-content\/uploads\/2025\/12\/sejour-2-1-800x600.jpg 800w, https:\/\/www.campingduval.com\/wp-content\/uploads\/2025\/12\/sejour-2-1-1280x960.jpg 1280w, https:\/\/www.campingduval.com\/wp-content\/uploads\/2025\/12\/sejour-2-1-1920x1440.jpg 1920w\" sizes=\"auto, (max-width: 1024px) 100vw, 1024px\" \/><\/figure>\n\n\n\n<figure class=\"wp-block-image size-large\" data-block-type=\"core\"><img loading=\"lazy\" decoding=\"async\" width=\"1024\" height=\"768\" data-id=\"1203\" src=\"https:\/\/www.campingduval.com\/wp-content\/uploads\/2025\/12\/IMG_42051-1024x768.jpg\" alt=\"House Swap Erquy Home Exchange\" class=\"wp-image-1203\" srcset=\"https:\/\/www.campingduval.com\/wp-content\/uploads\/2025\/12\/IMG_42051-1024x768.jpg 1024w, https:\/\/www.campingduval.com\/wp-content\/uploads\/2025\/12\/IMG_42051-300x225.jpg 300w, https:\/\/www.campingduval.com\/wp-content\/uploads\/2025\/12\/IMG_42051-768x576.jpg 768w, https:\/\/www.campingduval.com\/wp-content\/uploads\/2025\/12\/IMG_42051-1536x1152.jpg 1536w, https:\/\/www.campingduval.com\/wp-content\/uploads\/2025\/12\/IMG_42051-500x375.jpg 500w, https:\/\/www.campingduval.com\/wp-content\/uploads\/2025\/12\/IMG_42051-800x600.jpg 800w, https:\/\/www.campingduval.com\/wp-content\/uploads\/2025\/12\/IMG_42051-1280x960.jpg 1280w, https:\/\/www.campingduval.com\/wp-content\/uploads\/2025\/12\/IMG_42051-1920x1440.jpg 1920w, https:\/\/www.campingduval.com\/wp-content\/uploads\/2025\/12\/IMG_42051.jpg 2016w\" sizes=\"auto, (max-width: 1024px) 100vw, 1024px\" \/><\/figure>\n\n\n\n<figure class=\"wp-block-image size-large\" data-block-type=\"core\"><img loading=\"lazy\" decoding=\"async\" width=\"1024\" height=\"768\" data-id=\"1241\" src=\"https:\/\/www.campingduval.com\/wp-content\/uploads\/2025\/12\/Saint-Malo-2.jpg\" alt=\"Saint Malo fortified town\" class=\"wp-image-1241\" srcset=\"https:\/\/www.campingduval.com\/wp-content\/uploads\/2025\/12\/Saint-Malo-2.jpg 1024w, https:\/\/www.campingduval.com\/wp-content\/uploads\/2025\/12\/Saint-Malo-2-300x225.jpg 300w, https:\/\/www.campingduval.com\/wp-content\/uploads\/2025\/12\/Saint-Malo-2-768x576.jpg 768w, https:\/\/www.campingduval.com\/wp-content\/uploads\/2025\/12\/Saint-Malo-2-500x375.jpg 500w, https:\/\/www.campingduval.com\/wp-content\/uploads\/2025\/12\/Saint-Malo-2-800x600.jpg 800w\" sizes=\"auto, (max-width: 1024px) 100vw, 1024px\" \/><\/figure>\n\n\n\n<figure class=\"wp-block-image size-large\" data-block-type=\"core\"><img alt=\"fort la latte on the emerald coast\" loading=\"lazy\" decoding=\"async\" width=\"1024\" height=\"680\" data-id=\"1245\" src=\"https:\/\/www.campingduval.com\/wp-content\/uploads\/2025\/12\/fort-la-latte-1-1024x680.jpg\" class=\"wp-image-1245\" srcset=\"https:\/\/www.campingduval.com\/wp-content\/uploads\/2025\/12\/fort-la-latte-1-1024x680.jpg 1024w, https:\/\/www.campingduval.com\/wp-content\/uploads\/2025\/12\/fort-la-latte-1-300x199.jpg 300w, https:\/\/www.campingduval.com\/wp-content\/uploads\/2025\/12\/fort-la-latte-1-768x510.jpg 768w, https:\/\/www.campingduval.com\/wp-content\/uploads\/2025\/12\/fort-la-latte-1-500x332.jpg 500w, https:\/\/www.campingduval.com\/wp-content\/uploads\/2025\/12\/fort-la-latte-1-800x531.jpg 800w, https:\/\/www.campingduval.com\/wp-content\/uploads\/2025\/12\/fort-la-latte-1.jpg 1200w\" sizes=\"auto, (max-width: 1024px) 100vw, 1024px\" \/><\/figure>\n\n\n\n<figure class=\"wp-block-image size-large\" data-block-type=\"core\"><img alt=\"hiking in the rocks around the val campsite in erquy\" loading=\"lazy\" decoding=\"async\" width=\"1000\" height=\"667\" data-id=\"1255\" src=\"https:\/\/www.campingduval.com\/wp-content\/uploads\/2025\/12\/crtb-ae06068_BERTHIER-Emmanuel.jpg\" class=\"wp-image-1255\" srcset=\"https:\/\/www.campingduval.com\/wp-content\/uploads\/2025\/12\/crtb-ae06068_BERTHIER-Emmanuel.jpg 1000w, https:\/\/www.campingduval.com\/wp-content\/uploads\/2025\/12\/crtb-ae06068_BERTHIER-Emmanuel-300x200.jpg 300w, https:\/\/www.campingduval.com\/wp-content\/uploads\/2025\/12\/crtb-ae06068_BERTHIER-Emmanuel-768x512.jpg 768w, https:\/\/www.campingduval.com\/wp-content\/uploads\/2025\/12\/crtb-ae06068_BERTHIER-Emmanuel-500x334.jpg 500w, https:\/\/www.campingduval.com\/wp-content\/uploads\/2025\/12\/crtb-ae06068_BERTHIER-Emmanuel-800x534.jpg 800w\" sizes=\"auto, (max-width: 1000px) 100vw, 1000px\" \/><\/figure>\n<\/figure>\n<\/div><\/div><\/div>\n<\/div><\/div>","protected":false},"excerpt":{"rendered":"","protected":false},"author":1,"featured_media":16,"parent":0,"menu_order":0,"comment_status":"closed","ping_status":"closed","template":"","meta":{"_acf_changed":false,"_seopress_robots_primary_cat":"","_seopress_titles_title":"Photos & Vid\u00e9os du Camping du Val \u00e0 Erquy en Bretagne","_seopress_titles_desc":"D\u00e9couvrez en images le Camping du Val \u00e0 Erquy. Parcourez notre galerie photos et vid\u00e9os : mobil-homes, emplacements, piscine, etc","_seopress_robots_index":"","_vp_format_video_url":"","_vp_image_focal_point":[],"footnotes":""},"class_list":["post-5112","page","type-page","status-publish","has-post-thumbnail","hentry"],"acf":[],"_links":{"self":[{"href":"https:\/\/www.campingduval.com\/en\/wp-json\/wp\/v2\/pages\/5112","targetHints":{"allow":["GET"]}}],"collection":[{"href":"https:\/\/www.campingduval.com\/en\/wp-json\/wp\/v2\/pages"}],"about":[{"href":"https:\/\/www.campingduval.com\/en\/wp-json\/wp\/v2\/types\/page"}],"author":[{"embeddable":true,"href":"https:\/\/www.campingduval.com\/en\/wp-json\/wp\/v2\/users\/1"}],"replies":[{"embeddable":true,"href":"https:\/\/www.campingduval.com\/en\/wp-json\/wp\/v2\/comments?post=5112"}],"version-history":[{"count":2,"href":"https:\/\/www.campingduval.com\/en\/wp-json\/wp\/v2\/pages\/5112\/revisions"}],"predecessor-version":[{"id":5142,"href":"https:\/\/www.campingduval.com\/en\/wp-json\/wp\/v2\/pages\/5112\/revisions\/5142"}],"wp:featuredmedia":[{"embeddable":true,"href":"https:\/\/www.campingduval.com\/en\/wp-json\/wp\/v2\/media\/16"}],"wp:attachment":[{"href":"https:\/\/www.campingduval.com\/en\/wp-json\/wp\/v2\/media?parent=5112"}],"curies":[{"name":"wp","href":"https:\/\/api.w.org\/{rel}","templated":true}]}}